{"id":982,"date":"2026-01-07T16:36:09","date_gmt":"2026-01-07T16:36:09","guid":{"rendered":"https:\/\/www.kiralyszentistvan.hu\/kiraly\/?page_id=982"},"modified":"2026-02-28T05:46:56","modified_gmt":"2026-02-28T05:46:56","slug":"2026-evi-kepviselo-testuleti-ules","status":"publish","type":"page","link":"https:\/\/www.kiralyszentistvan.hu\/kiraly\/2026-evi-kepviselo-testuleti-ules\/","title":{"rendered":"2026 \u00e9vi k\u00e9pvisel\u0151 test\u00fcleti \u00fcl\u00e9s"},"content":{"rendered":"\n<p class=\"has-text-color has-link-color wp-elements-ca581c125b9eed2f4f3ee0b2ccd5b9f4\" style=\"color:#aa8114\"><a href=\"https:\/\/kiralyszentistvan.hu\/data\/onkormanyzat\/KT_ulesek\/2026\/Meghivo-260127.pdf\">Megh\u00edv\u00f3 2026.01.27. KT \u00fcl\u00e9sre<\/a><br><a href=\"https:\/\/kiralyszentistvan.hu\/data\/onkormanyzat\/KT_ulesek\/2026\/2026-01-27_KT-JKV.pdf\">2026.01.27. KT JKV<\/a><\/p>\n\n\n\n<p class=\"has-text-color has-link-color wp-elements-95d4a478a2a4709e7da1c02477100d48\" style=\"color:#aa8114\"><a href=\"https:\/\/kiralyszentistvan.hu\/data\/onkormanyzat\/KT_ulesek\/2026\/Meghivo-260210.pdf\">Megh\u00edv\u00f3 2026.02.10. RKT \u00fcl\u00e9sre<\/a><br><a href=\"https:\/\/kiralyszentistvan.hu\/data\/onkormanyzat\/KT_ulesek\/2026\/2026-02-10_RKT-JKV.pdf\">2026.02.10. RKT JKV<\/a><\/p>\n\n\n\n<p><\/p>\n","protected":false},"excerpt":{"rendered":"<p>Megh\u00edv\u00f3 2026.01.27. KT \u00fcl\u00e9sre2026.01.27. KT JKV Megh\u00edv\u00f3 2026.02.10. RKT \u00fcl\u00e9sre2026.02.10. RKT JKV<\/p>\n","protected":false},"author":1,"featured_media":0,"parent":0,"menu_order":0,"comment_status":"closed","ping_status":"closed","template":"","meta":{"footnotes":""},"class_list":["post-982","page","type-page","status-publish","hentry"],"featured_image_src":null,"featured_image_src_square":null,"_links":{"self":[{"href":"https:\/\/www.kiralyszentistvan.hu\/kiraly\/wp-json\/wp\/v2\/pages\/982","targetHints":{"allow":["GET"]}}],"collection":[{"href":"https:\/\/www.kiralyszentistvan.hu\/kiraly\/wp-json\/wp\/v2\/pages"}],"about":[{"href":"https:\/\/www.kiralyszentistvan.hu\/kiraly\/wp-json\/wp\/v2\/types\/page"}],"author":[{"embeddable":true,"href":"https:\/\/www.kiralyszentistvan.hu\/kiraly\/wp-json\/wp\/v2\/users\/1"}],"replies":[{"embeddable":true,"href":"https:\/\/www.kiralyszentistvan.hu\/kiraly\/wp-json\/wp\/v2\/comments?post=982"}],"version-history":[{"count":5,"href":"https:\/\/www.kiralyszentistvan.hu\/kiraly\/wp-json\/wp\/v2\/pages\/982\/revisions"}],"predecessor-version":[{"id":1010,"href":"https:\/\/www.kiralyszentistvan.hu\/kiraly\/wp-json\/wp\/v2\/pages\/982\/revisions\/1010"}],"wp:attachment":[{"href":"https:\/\/www.kiralyszentistvan.hu\/kiraly\/wp-json\/wp\/v2\/media?parent=982"}],"curies":[{"name":"wp","href":"https:\/\/api.w.org\/{rel}","templated":true}]}}