{"id":937,"date":"2025-11-05T15:47:57","date_gmt":"2025-11-05T15:47:57","guid":{"rendered":"https:\/\/www.kiralyszentistvan.hu\/kiraly\/?page_id=937"},"modified":"2026-03-18T17:18:51","modified_gmt":"2026-03-18T17:18:51","slug":"versenykepes-jarasok-program","status":"publish","type":"page","link":"https:\/\/www.kiralyszentistvan.hu\/kiraly\/versenykepes-jarasok-program\/","title":{"rendered":"Versenyk\u00e9pes J\u00e1r\u00e1sok Program"},"content":{"rendered":"\n<p class=\"has-text-color has-link-color wp-elements-48ee36e4c5a304ba7e668b07c745c097\" style=\"color:#aa8114\"><strong>2025<\/strong><br>Sajt\u00f3k\u00f6zlem\u00e9ny &#8211; E\u00dc eszk\u00f6zbeszerz\u00e9sr\u0151l<br><a href=\"https:\/\/kiralyszentistvan.hu\/data\/versenykepes_jarasok\/2025\/Sajtokozlemeny_VJP_kozvilagitas.pdf\">Sajt\u00f3k\u00f6zlem\u00e9ny &#8211; K\u00f6zvil\u00e1g\u00edt\u00e1s fejleszt\u00e9se Balatonalm\u00e1di j\u00e1r\u00e1s \u00f6t telep\u00fcl\u00e9s\u00e9n<\/a><\/p>\n\n\n\n<p class=\"has-text-color has-link-color wp-elements-b2992a4b6566bb45038f103cdc235552\" style=\"color:#aa8114\"><strong>2026<\/strong><br><a href=\"https:\/\/kiralyszentistvan.hu\/data\/versenykepes_jarasok\/2026\/k%C3%B6zlemeny_20260216.pdf\">K\u00f6zlem\u00e9ny 2026.02.16<\/a><\/p>\n\n\n\n<p><\/p>\n","protected":false},"excerpt":{"rendered":"<p>2025Sajt\u00f3k\u00f6zlem\u00e9ny &#8211; E\u00dc eszk\u00f6zbeszerz\u00e9sr\u0151lSajt\u00f3k\u00f6zlem\u00e9ny &#8211; K\u00f6zvil\u00e1g\u00edt\u00e1s fejleszt\u00e9se Balatonalm\u00e1di j\u00e1r\u00e1s \u00f6t telep\u00fcl\u00e9s\u00e9n 2026K\u00f6zlem\u00e9ny 2026.02.16<\/p>\n","protected":false},"author":1,"featured_media":0,"parent":0,"menu_order":0,"comment_status":"closed","ping_status":"closed","template":"","meta":{"footnotes":""},"class_list":["post-937","page","type-page","status-publish","hentry"],"featured_image_src":null,"featured_image_src_square":null,"_links":{"self":[{"href":"https:\/\/www.kiralyszentistvan.hu\/kiraly\/wp-json\/wp\/v2\/pages\/937","targetHints":{"allow":["GET"]}}],"collection":[{"href":"https:\/\/www.kiralyszentistvan.hu\/kiraly\/wp-json\/wp\/v2\/pages"}],"about":[{"href":"https:\/\/www.kiralyszentistvan.hu\/kiraly\/wp-json\/wp\/v2\/types\/page"}],"author":[{"embeddable":true,"href":"https:\/\/www.kiralyszentistvan.hu\/kiraly\/wp-json\/wp\/v2\/users\/1"}],"replies":[{"embeddable":true,"href":"https:\/\/www.kiralyszentistvan.hu\/kiraly\/wp-json\/wp\/v2\/comments?post=937"}],"version-history":[{"count":5,"href":"https:\/\/www.kiralyszentistvan.hu\/kiraly\/wp-json\/wp\/v2\/pages\/937\/revisions"}],"predecessor-version":[{"id":1027,"href":"https:\/\/www.kiralyszentistvan.hu\/kiraly\/wp-json\/wp\/v2\/pages\/937\/revisions\/1027"}],"wp:attachment":[{"href":"https:\/\/www.kiralyszentistvan.hu\/kiraly\/wp-json\/wp\/v2\/media?parent=937"}],"curies":[{"name":"wp","href":"https:\/\/api.w.org\/{rel}","templated":true}]}}