{"id":794,"date":"2025-01-22T17:02:16","date_gmt":"2025-01-22T17:02:16","guid":{"rendered":"https:\/\/www.kiralyszentistvan.hu\/kiraly\/?page_id=794"},"modified":"2026-02-23T16:27:56","modified_gmt":"2026-02-23T16:27:56","slug":"telepulesrendezesi-terv-felulvizsgalata","status":"publish","type":"page","link":"https:\/\/www.kiralyszentistvan.hu\/kiraly\/telepulesrendezesi-terv-felulvizsgalata\/","title":{"rendered":"Telep\u00fcl\u00e9srendez\u00e9si terv fel\u00fclvizsg\u00e1lata"},"content":{"rendered":"\n<p class=\"has-text-color has-link-color wp-elements-8d5bdb5aa066495f8c267a7e3cda41b7\" style=\"color:#aa8114\"><a href=\"https:\/\/kiralyszentistvan.hu\/data\/onkormanyzat\/aktualis\/2025\/Telepulesrendezesiterv_felulvizsgalata.pdf\">Telep\u00fcl\u00e9srendez\u00e9si terv fel\u00fclvizsg\u00e1lata<\/a><br><a href=\"https:\/\/kiralyszentistvan.hu\/data\/onkormanyzat\/aktualis\/2025\/Telepulesrendezesiterv_lakossag.pdf\">Telep\u00fcl\u00e9srendez\u00e9si terv fel\u00fclvizsg\u00e1lata lakoss\u00e1g r\u00e9sz\u00e9re<\/a><br><a href=\"https:\/\/kiralyszentistvan.hu\/data\/onkormanyzat\/telepulesrendezes\/telepulesszerk\/2026_telepulesszerkterv_fej.pdf\">Telep\u00fcl\u00e9sszerkezeti terv &#8211; Fejleszt\u00e9si terv<\/a><br><a href=\"https:\/\/kiralyszentistvan.hu\/data\/onkormanyzat\/rendeletek\/2026\/4_2026_rend.pdf\"> 4\/2026 (II.12.) V\u00e1ltoztat\u00e1si, telekalak\u00edt\u00e1si \u00e9s \u00e9p\u00edt\u00e9si tilalom elrendel\u00e9s\u00e9r\u0151l<\/a><\/p>\n\n\n\n<p class=\"has-text-color has-link-color wp-elements-083842079fca78445307c8a0468633e0\" style=\"color:#aa8114\"><\/p>\n\n\n\n<p><\/p>\n","protected":false},"excerpt":{"rendered":"<p>Telep\u00fcl\u00e9srendez\u00e9si terv fel\u00fclvizsg\u00e1lataTelep\u00fcl\u00e9srendez\u00e9si terv fel\u00fclvizsg\u00e1lata lakoss\u00e1g r\u00e9sz\u00e9reTelep\u00fcl\u00e9sszerkezeti terv &#8211; Fejleszt\u00e9si terv 4\/2026 (II.12.) V\u00e1ltoztat\u00e1si, telekalak\u00edt\u00e1si \u00e9s \u00e9p\u00edt\u00e9si tilalom elrendel\u00e9s\u00e9r\u0151l<\/p>\n","protected":false},"author":1,"featured_media":0,"parent":0,"menu_order":0,"comment_status":"closed","ping_status":"closed","template":"","meta":{"footnotes":""},"class_list":["post-794","page","type-page","status-publish","hentry"],"featured_image_src":null,"featured_image_src_square":null,"_links":{"self":[{"href":"https:\/\/www.kiralyszentistvan.hu\/kiraly\/wp-json\/wp\/v2\/pages\/794","targetHints":{"allow":["GET"]}}],"collection":[{"href":"https:\/\/www.kiralyszentistvan.hu\/kiraly\/wp-json\/wp\/v2\/pages"}],"about":[{"href":"https:\/\/www.kiralyszentistvan.hu\/kiraly\/wp-json\/wp\/v2\/types\/page"}],"author":[{"embeddable":true,"href":"https:\/\/www.kiralyszentistvan.hu\/kiraly\/wp-json\/wp\/v2\/users\/1"}],"replies":[{"embeddable":true,"href":"https:\/\/www.kiralyszentistvan.hu\/kiraly\/wp-json\/wp\/v2\/comments?post=794"}],"version-history":[{"count":5,"href":"https:\/\/www.kiralyszentistvan.hu\/kiraly\/wp-json\/wp\/v2\/pages\/794\/revisions"}],"predecessor-version":[{"id":1008,"href":"https:\/\/www.kiralyszentistvan.hu\/kiraly\/wp-json\/wp\/v2\/pages\/794\/revisions\/1008"}],"wp:attachment":[{"href":"https:\/\/www.kiralyszentistvan.hu\/kiraly\/wp-json\/wp\/v2\/media?parent=794"}],"curies":[{"name":"wp","href":"https:\/\/api.w.org\/{rel}","templated":true}]}}