{"id":776,"date":"2024-12-17T04:52:09","date_gmt":"2024-12-17T04:52:09","guid":{"rendered":"https:\/\/www.kiralyszentistvan.hu\/kiraly\/?page_id=776"},"modified":"2024-12-17T04:56:32","modified_gmt":"2024-12-17T04:56:32","slug":"szallashelyek-nyilvantartasa","status":"publish","type":"page","link":"https:\/\/www.kiralyszentistvan.hu\/kiraly\/szallashelyek-nyilvantartasa\/","title":{"rendered":"Sz\u00e1ll\u00e1shelyek nyilv\u00e1ntart\u00e1sa"},"content":{"rendered":"\n<p class=\"has-text-color has-link-color wp-elements-fed5ff0b1cc03c6b9ab50e6cd9038d3a\" style=\"color:#aa8114\"><a href=\"https:\/\/kiralyszentistvan.hu\/data\/onkormanyzat\/aktualis\/2024\/Kiszti_Szallashelyek-nyilvantart.pdf\">Sz\u00e1ll\u00e1shelyek nyilv\u00e1ntart\u00e1sa<\/a><\/p>\n\n\n\n<p><\/p>\n","protected":false},"excerpt":{"rendered":"<p>Sz\u00e1ll\u00e1shelyek nyilv\u00e1ntart\u00e1sa<\/p>\n","protected":false},"author":1,"featured_media":0,"parent":0,"menu_order":0,"comment_status":"closed","ping_status":"closed","template":"","meta":{"footnotes":""},"class_list":["post-776","page","type-page","status-publish","hentry"],"featured_image_src":null,"featured_image_src_square":null,"_links":{"self":[{"href":"https:\/\/www.kiralyszentistvan.hu\/kiraly\/wp-json\/wp\/v2\/pages\/776","targetHints":{"allow":["GET"]}}],"collection":[{"href":"https:\/\/www.kiralyszentistvan.hu\/kiraly\/wp-json\/wp\/v2\/pages"}],"about":[{"href":"https:\/\/www.kiralyszentistvan.hu\/kiraly\/wp-json\/wp\/v2\/types\/page"}],"author":[{"embeddable":true,"href":"https:\/\/www.kiralyszentistvan.hu\/kiraly\/wp-json\/wp\/v2\/users\/1"}],"replies":[{"embeddable":true,"href":"https:\/\/www.kiralyszentistvan.hu\/kiraly\/wp-json\/wp\/v2\/comments?post=776"}],"version-history":[{"count":5,"href":"https:\/\/www.kiralyszentistvan.hu\/kiraly\/wp-json\/wp\/v2\/pages\/776\/revisions"}],"predecessor-version":[{"id":782,"href":"https:\/\/www.kiralyszentistvan.hu\/kiraly\/wp-json\/wp\/v2\/pages\/776\/revisions\/782"}],"wp:attachment":[{"href":"https:\/\/www.kiralyszentistvan.hu\/kiraly\/wp-json\/wp\/v2\/media?parent=776"}],"curies":[{"name":"wp","href":"https:\/\/api.w.org\/{rel}","templated":true}]}}