{"id":7,"date":"2017-08-26T10:27:57","date_gmt":"2017-08-26T10:27:57","guid":{"rendered":"http:\/\/www.kiralyszentistvan.hu\/kiraly\/?page_id=7"},"modified":"2017-08-26T15:48:58","modified_gmt":"2017-08-26T15:48:58","slug":"cooike","status":"publish","type":"page","link":"https:\/\/www.kiralyszentistvan.hu\/kiraly\/cooike\/","title":{"rendered":"Cooike"},"content":{"rendered":"<div class=\"entry clearfix\">\n<p style=\"text-align: justify;\"><strong>Mi az a cookie?<\/strong><br \/>\nA cookie-k kis mennyis\u00e9g\u0171 inform\u00e1ci\u00f3t tartalmaz\u00f3 sz\u00f6veges f\u00e1jlok, amelyek akkor t\u00f6lt\u0151dik le az \u00d6n sz\u00e1m\u00edt\u00f3g\u00e9p\u00e9re, mobileszk\u00f6z\u00e9re vagy m\u00e1s meghajt\u00f3j\u00e1ra, amikor egy weboldalra l\u00e1togat. Ezt k\u00f6vet\u0151en a cookie-k minden egyes k\u00e9s\u0151bbi l\u00e1togat\u00e1st k\u00f6vet\u0151en visszajelez\u00e9st k\u00fcldenek a sz\u00e1rmaz\u00e1si weboldalra, vagy egy m\u00e1sik oldalra, ami felismeri az adott cookie-t. A cookie-k az\u00e9rt hasznosak, mert lehet\u0151v\u00e9 teszik, hogy egy weboldal felismerje a felhaszn\u00e1l\u00f3 \u00e1ltalhaszn\u00e1lt meghajt\u00f3t.<\/p>\n<p style=\"text-align: justify;\"><strong>A Cookie-k c\u00e9lja, hogy jav\u00edts\u00e1k a szolg\u00e1ltat\u00e1sok min\u0151s\u00e9g\u00e9t, a k\u00f6vetkez\u0151 m\u00f3dokon:<\/strong><br \/>\n\u2022 N\u00e9h\u00e1ny k\u00fcl\u00f6nleges szolg\u00e1ltat\u00e1s, p\u00e9ld\u00e1ul a fizet\u00e9s m\u0171k\u00f6d\u00e9s\u00e9nek enged\u00e9lyez\u00e9s\u00e9vel, ami nem m\u0171k\u00f6dhetne ezek n\u00e9lk\u00fcl a Cookie-k n\u00e9lk\u00fcl<br \/>\n\u2022 Olyan szolg\u00e1ltat\u00e1sok enged\u00e9lyez\u00e9s\u00e9vel, melyek felismerik a b\u00f6ng\u00e9sz\u00e9sre haszn\u00e1lt eszk\u00f6zt, \u00edgy nem sz\u00fcks\u00e9ges t\u00f6bbsz\u00f6r is megadnod ugyanazokat az inform\u00e1ci\u00f3kat egy feladat sor\u00e1n<br \/>\n\u2022 Felismerik, ha m\u00e1r megadt\u00e1l egy felhaszn\u00e1l\u00f3nevet \u00e9s jelsz\u00f3t, amikor bejelentkezt\u00e9l az Szikla Vend\u00e9gl\u0151 oldalra, \u00edgy azt nem kell megism\u00e9telned a tov\u00e1bbi b\u00f6ng\u00e9sz\u00e9s sor\u00e1n<br \/>\n\u2022 M\u00e9rik, hogy h\u00e1ny ember haszn\u00e1lja a szolg\u00e1ltat\u00e1sokat, az\u00e9rt, hogy egyszer\u0171bb lehessen a haszn\u00e1latuk \u00e9s biztos\u00edtani lehessen a gyors haszn\u00e1latukhoz sz\u00fcks\u00e9ges kapacit\u00e1st<br \/>\n\u2022 Adatokat elemeznek, hogy seg\u00edtsenek sz\u00e1munkra meg\u00e9rteni, az emberek hogyan haszn\u00e1lj\u00e1k az online szolg\u00e1ltat\u00e1sokat, hogy fejleszthess\u00fck azokat.<\/p>\n<p style=\"text-align: justify;\">Ha l\u00e1togat\u00e1sod sor\u00e1n mell\u0151z\u00f6d a Cookie-k haszn\u00e1lat\u00e1t, tudnod kell, hogy a legt\u00f6bb funkci\u00f3 \u00e9s oldal nem fog az elv\u00e1rtaknak megfelel\u0151en m\u0171k\u00f6dni. P\u00e9ld\u00e1ul nem fogod tudni haszn\u00e1lni a bev\u00e1s\u00e1rl\u00f3lista funkci\u00f3t.<br \/>\nHa a sz\u00e1m\u00edt\u00f3g\u00e9peden m\u00e1r megtal\u00e1lhat\u00f3 Cookie-k k\u00f6z\u00fcl szeretn\u00e9l t\u00f6r\u00f6lni, kattints a b\u00f6ng\u00e9sz\u0151ben tal\u00e1lhat\u00f3 \u201cS\u00fag\u00f3\u201d men\u00fcpontra \u00e9s k\u00f6vesd b\u00f6ng\u00e9sz\u0151d szolg\u00e1ltat\u00f3j\u00e1nak utas\u00edt\u00e1sait.<br \/>\nM\u00e9g t\u00f6bbet megtudhatsz a Cookie-kr\u00f3l, azok t\u00f6rl\u00e9s\u00e9r\u0151l \u00e9s ir\u00e1ny\u00edt\u00e1s\u00e1r\u00f3l a <a class=\"bluelink\">www.aboutcookies.org<\/a> weboldalon vagy kattints a b\u00f6ng\u00e9sz\u0151 \u201cS\u00fag\u00f3 men\u00fcpontj\u00e1ra.<\/p>\n<\/div>\n","protected":false},"excerpt":{"rendered":"<p>Mi az a cookie? A cookie-k kis mennyis\u00e9g\u0171 inform\u00e1ci\u00f3t tartalmaz\u00f3 sz\u00f6veges f\u00e1jlok, amelyek akkor t\u00f6lt\u0151dik le az \u00d6n sz\u00e1m\u00edt\u00f3g\u00e9p\u00e9re, mobileszk\u00f6z\u00e9re vagy m\u00e1s meghajt\u00f3j\u00e1ra, amikor egy weboldalra l\u00e1togat. Ezt k\u00f6vet\u0151en a cookie-k minden<a class=\"moretag\" href=\"https:\/\/www.kiralyszentistvan.hu\/kiraly\/cooike\/\">Tov\u00e1bbi inform\u00e1ci\u00f3\u2026<\/a><\/p>\n","protected":false},"author":1,"featured_media":0,"parent":0,"menu_order":0,"comment_status":"closed","ping_status":"closed","template":"","meta":{"footnotes":""},"class_list":["post-7","page","type-page","status-publish","hentry"],"featured_image_src":null,"featured_image_src_square":null,"_links":{"self":[{"href":"https:\/\/www.kiralyszentistvan.hu\/kiraly\/wp-json\/wp\/v2\/pages\/7","targetHints":{"allow":["GET"]}}],"collection":[{"href":"https:\/\/www.kiralyszentistvan.hu\/kiraly\/wp-json\/wp\/v2\/pages"}],"about":[{"href":"https:\/\/www.kiralyszentistvan.hu\/kiraly\/wp-json\/wp\/v2\/types\/page"}],"author":[{"embeddable":true,"href":"https:\/\/www.kiralyszentistvan.hu\/kiraly\/wp-json\/wp\/v2\/users\/1"}],"replies":[{"embeddable":true,"href":"https:\/\/www.kiralyszentistvan.hu\/kiraly\/wp-json\/wp\/v2\/comments?post=7"}],"version-history":[{"count":2,"href":"https:\/\/www.kiralyszentistvan.hu\/kiraly\/wp-json\/wp\/v2\/pages\/7\/revisions"}],"predecessor-version":[{"id":38,"href":"https:\/\/www.kiralyszentistvan.hu\/kiraly\/wp-json\/wp\/v2\/pages\/7\/revisions\/38"}],"wp:attachment":[{"href":"https:\/\/www.kiralyszentistvan.hu\/kiraly\/wp-json\/wp\/v2\/media?parent=7"}],"curies":[{"name":"wp","href":"https:\/\/api.w.org\/{rel}","templated":true}]}}