{"id":588,"date":"2024-01-21T07:21:20","date_gmt":"2024-01-21T07:21:20","guid":{"rendered":"http:\/\/www.kiralyszentistvan.hu\/kiraly\/?page_id=588"},"modified":"2024-12-17T04:34:54","modified_gmt":"2024-12-17T04:34:54","slug":"2024-evi-kepviselo-testuleti-ules","status":"publish","type":"page","link":"https:\/\/www.kiralyszentistvan.hu\/kiraly\/2024-evi-kepviselo-testuleti-ules\/","title":{"rendered":"2024 \u00e9vi k\u00e9pvisel\u0151 test\u00fcleti \u00fcl\u00e9s"},"content":{"rendered":"\n<p class=\"has-text-color has-link-color wp-elements-00b7676e6b6223e530ec1799a0b575ba\" style=\"color:#aa8114\"><a href=\"http:\/\/kiralyszentistvan.hu\/data\/onkormanyzat\/KT_ulesek\/2024\/Meghivo-240123.pdf\">Megh\u00edv\u00f3 2024.01.23 KT \u00fcl\u00e9sre<\/a><br><a href=\"https:\/\/kiralyszentistvan.hu\/data\/onkormanyzat\/KT_ulesek\/2024\/2024-01-23_KT-JKV.pdf\">2024.01.23 KT \u00fcl\u00e9s JKV<\/a><\/p>\n\n\n\n<p class=\"has-text-color has-link-color wp-elements-aefc2433a11b1f4a8190af9102ac0061\" style=\"color:#aa8114\"><a href=\"http:\/\/kiralyszentistvan.hu\/data\/onkormanyzat\/KT_ulesek\/2024\/Meghivo-240213.pdf\">Megh\u00edv\u00f3 2024.02.13 KT \u00fcl\u00e9sre<\/a><br><a href=\"https:\/\/kiralyszentistvan.hu\/data\/onkormanyzat\/KT_ulesek\/2024\/2024-02-13_KT-JKV.pdf\">2024.02.13 KT \u00fcl\u00e9s JKV<\/a><\/p>\n\n\n\n<p class=\"has-text-color has-link-color wp-elements-72f82ea42ba25ba4587c0b1860a7444a\" style=\"color:#aa8114\"><a href=\"https:\/\/kiralyszentistvan.hu\/data\/onkormanyzat\/KT_ulesek\/2024\/Meghivo-240228.pdf\">Megh\u00edv\u00f3 2024.02.28 KT \u00fcl\u00e9sre<\/a><br><a href=\"https:\/\/kiralyszentistvan.hu\/data\/onkormanyzat\/KT_ulesek\/2024\/2024-02-28_RKT-JKV.pdf\">2024.02.28 KT \u00fcl\u00e9s JKV<\/a><\/p>\n\n\n\n<p class=\"has-text-color has-link-color wp-elements-82a4e2d7f0502fb272ed540b1cc19aed\" style=\"color:#aa8114\"><a href=\"https:\/\/kiralyszentistvan.hu\/data\/onkormanyzat\/KT_ulesek\/2024\/Meghivo-240319.pdf\">Megh\u00edv\u00f3 2024.03.19 KT \u00fcl\u00e9sre<\/a><br><a href=\"https:\/\/kiralyszentistvan.hu\/data\/onkormanyzat\/KT_ulesek\/2024\/2024-03-19_RKT-JKV.pdf\">2024.03.19 RKT \u00fcl\u00e9s JKV<\/a><\/p>\n\n\n\n<p class=\"has-text-color has-link-color wp-elements-3ca9bbc5ab0dece452fdd7b25fb79ab6\" style=\"color:#aa8114\"><a href=\"https:\/\/kiralyszentistvan.hu\/data\/onkormanyzat\/KT_ulesek\/2024\/Meghivo-240509.pdf\">Megh\u00edv\u00f3 2024.05.09 KT \u00fcl\u00e9sre<\/a><br><a href=\"https:\/\/kiralyszentistvan.hu\/data\/onkormanyzat\/KT_ulesek\/2024\/2024-05-09_KT-JKV.pdf\">2024.05.09 KT \u00fcl\u00e9s JKV<\/a><\/p>\n\n\n\n<p class=\"has-text-color has-link-color wp-elements-bb86935617b56d75c20249d99fd1a52e\" style=\"color:#aa8114\"><a href=\"https:\/\/kiralyszentistvan.hu\/data\/onkormanyzat\/KT_ulesek\/2024\/Meghivo-240916.pdf\">Megh\u00edv\u00f3 2024.09.16 KT \u00fcl\u00e9sre<\/a><br><a href=\"https:\/\/kiralyszentistvan.hu\/\/data\/onkormanyzat\/KT_ulesek\/2024\/2024-09-16_KT-jkv%20.pdf\">2024.09.16 KT \u00fcl\u00e9s JKV<\/a><\/p>\n\n\n\n<p class=\"has-text-color has-link-color wp-elements-ba50b39e5716abc0045e102b0fccdda2\" style=\"color:#aa8114\"><a href=\"https:\/\/kiralyszentistvan.hu\/data\/onkormanyzat\/KT_ulesek\/2024\/Meghivo-240918.pdf\">Megh\u00edv\u00f3 2024.09.18 RKT \u00fcl\u00e9sre<\/a><br><a href=\"https:\/\/kiralyszentistvan.hu\/data\/onkormanyzat\/KT_ulesek\/2024\/2024-09-18_RKT-JKV.pdf\">2024.09.18. RKT \u00fcl\u00e9s JKV<\/a><\/p>\n\n\n\n<p class=\"has-text-color has-link-color wp-elements-14068836a82dbbe1d639339687d9f658\" style=\"color:#aa8114\"><a href=\"https:\/\/kiralyszentistvan.hu\/data\/onkormanyzat\/KT_ulesek\/2024\/Meghivo-240924.pdf\">Megh\u00edv\u00f3 2024.09.24 RKT \u00fcl\u00e9sre<\/a><br><a href=\"https:\/\/kiralyszentistvan.hu\/data\/onkormanyzat\/KT_ulesek\/2024\/2024-09-24_RKT-JKV.pdf\">2024.09.24. RKT \u00fcl\u00e9s JKV<\/a><\/p>\n\n\n\n<p class=\"has-text-color has-link-color wp-elements-490a1df0c5801f719d8c84672718bab3\" style=\"color:#aa8114\"><a href=\"https:\/\/kiralyszentistvan.hu\/data\/onkormanyzat\/KT_ulesek\/2024\/2024-10-08_Alakulo_ules_JKV.pdf\">2024.10.08. Alakul\u00f3 \u00fcl\u00e9s JKV<\/a><\/p>\n\n\n\n<p class=\"has-text-color has-link-color wp-elements-5b8db5facfc5d5dfbeb146f18cfd0985\" style=\"color:#aa8114\"><a href=\"https:\/\/kiralyszentistvan.hu\/data\/onkormanyzat\/KT_ulesek\/2024\/Meghivo-241029.pdf\">Megh\u00edv\u00f3 2024.10.29 RKT \u00fcl\u00e9sre<\/a><br><a href=\"https:\/\/kiralyszentistvan.hu\/data\/onkormanyzat\/KT_ulesek\/2024\/2024-10-29_RKT-JKV.pdf\">2024.10.29 RKT \u00fcl\u00e9s JKV<\/a><\/p>\n\n\n\n<p class=\"has-text-color has-link-color wp-elements-00157e4b2d48996497ff0779c38d9e97\" style=\"color:#aa8114\"><a href=\"https:\/\/kiralyszentistvan.hu\/data\/onkormanyzat\/KT_ulesek\/2024\/Meghivo-241126.pdf\">Megh\u00edv\u00f3 2024.11.26 KT \u00fcl\u00e9sre<\/a><br><a href=\"https:\/\/kiralyszentistvan.hu\/data\/onkormanyzat\/KT_ulesek\/2024\/2024-11-26_KT-JKV.pdf\">2024.11.26 KT \u00fcl\u00e9s JKV<\/a><\/p>\n\n\n\n<p class=\"has-text-color has-link-color wp-elements-e2feb0427321ed015b37d534cfacefe9\" style=\"color:#aa8114\"><a href=\"https:\/\/kiralyszentistvan.hu\/data\/onkormanyzat\/KT_ulesek\/2024\/Meghivo-241209.pdf\">Megh\u00edv\u00f3 2024.12.09 RKT \u00fcl\u00e9sre<\/a><br><a href=\"https:\/\/kiralyszentistvan.hu\/data\/onkormanyzat\/KT_ulesek\/2024\/2024-12-09_RKT-JKV.pdf\">2024.12.09 KT \u00fcl\u00e9s JKV<\/a><\/p>\n\n\n\n<p class=\"has-text-color has-link-color wp-elements-a940d593163244c0c6d26f2b9ffc8125\" style=\"color:#aa8114\"><a href=\"https:\/\/kiralyszentistvan.hu\/data\/onkormanyzat\/KT_ulesek\/2024\/Meghivo-241211.pdf\">Megh\u00edv\u00f3 2024.12.11 K\u00f6zmeghallgat\u00e1sra<\/a><br><a href=\"https:\/\/kiralyszentistvan.hu\/data\/onkormanyzat\/KT_ulesek\/2024\/2024-12-11_kozmeghall-JKV.pdf\">2024.12.11 K\u00f6zmeghallgat\u00e1s JKV<\/a><\/p>\n\n\n\n<p><\/p>\n","protected":false},"excerpt":{"rendered":"<p>Megh\u00edv\u00f3 2024.01.23 KT \u00fcl\u00e9sre2024.01.23 KT \u00fcl\u00e9s JKV Megh\u00edv\u00f3 2024.02.13 KT \u00fcl\u00e9sre2024.02.13 KT \u00fcl\u00e9s JKV Megh\u00edv\u00f3 2024.02.28 KT \u00fcl\u00e9sre2024.02.28 KT \u00fcl\u00e9s JKV Megh\u00edv\u00f3 2024.03.19 KT \u00fcl\u00e9sre2024.03.19 RKT \u00fcl\u00e9s JKV Megh\u00edv\u00f3 2024.05.09 KT \u00fcl\u00e9sre2024.05.09<a class=\"moretag\" href=\"https:\/\/www.kiralyszentistvan.hu\/kiraly\/2024-evi-kepviselo-testuleti-ules\/\">Tov\u00e1bbi inform\u00e1ci\u00f3\u2026<\/a><\/p>\n","protected":false},"author":1,"featured_media":0,"parent":0,"menu_order":0,"comment_status":"closed","ping_status":"closed","template":"","meta":{"footnotes":""},"class_list":["post-588","page","type-page","status-publish","hentry"],"featured_image_src":null,"featured_image_src_square":null,"_links":{"self":[{"href":"https:\/\/www.kiralyszentistvan.hu\/kiraly\/wp-json\/wp\/v2\/pages\/588","targetHints":{"allow":["GET"]}}],"collection":[{"href":"https:\/\/www.kiralyszentistvan.hu\/kiraly\/wp-json\/wp\/v2\/pages"}],"about":[{"href":"https:\/\/www.kiralyszentistvan.hu\/kiraly\/wp-json\/wp\/v2\/types\/page"}],"author":[{"embeddable":true,"href":"https:\/\/www.kiralyszentistvan.hu\/kiraly\/wp-json\/wp\/v2\/users\/1"}],"replies":[{"embeddable":true,"href":"https:\/\/www.kiralyszentistvan.hu\/kiraly\/wp-json\/wp\/v2\/comments?post=588"}],"version-history":[{"count":23,"href":"https:\/\/www.kiralyszentistvan.hu\/kiraly\/wp-json\/wp\/v2\/pages\/588\/revisions"}],"predecessor-version":[{"id":775,"href":"https:\/\/www.kiralyszentistvan.hu\/kiraly\/wp-json\/wp\/v2\/pages\/588\/revisions\/775"}],"wp:attachment":[{"href":"https:\/\/www.kiralyszentistvan.hu\/kiraly\/wp-json\/wp\/v2\/media?parent=588"}],"curies":[{"name":"wp","href":"https:\/\/api.w.org\/{rel}","templated":true}]}}