{"id":582,"date":"2024-01-17T14:27:11","date_gmt":"2024-01-17T14:27:11","guid":{"rendered":"http:\/\/www.kiralyszentistvan.hu\/kiraly\/?page_id=582"},"modified":"2025-10-02T04:30:50","modified_gmt":"2025-10-02T04:30:50","slug":"karrier","status":"publish","type":"page","link":"https:\/\/www.kiralyszentistvan.hu\/kiraly\/karrier\/","title":{"rendered":"Karrier"},"content":{"rendered":"\n<p><strong>P\u00e9nz\u00fcgyi sz\u00e1mviteli \u00fcgyint\u00e9z\u0151<\/strong><\/p>\n\n\n\n<p><strong>Tev\u00e9kenys\u00e9gi k\u00f6r (ell\u00e1tand\u00f3 feladatok):<\/strong> A p\u00e9nz\u00fcgyi \u00fcgyint\u00e9z\u0151 f\u0151bb feladatai: az<br>\u00e1llamh\u00e1ztart\u00e1s rendje szerinti \u00f6nkorm\u00e1nyzati sz\u00e1mviteli, p\u00e9nz\u00fcgyi, gazd\u00e1lkod\u00e1si \u00e9s<br>k\u00f6nyvvezet\u00e9si feladatok v\u00e9grehajt\u00e1sa, \u00f6nkorm\u00e1nyzati k\u00f6lts\u00e9gvet\u00e9s \u00e9s k\u00f6lts\u00e9gvet\u00e9si besz\u00e1mol\u00f3<br>elk\u00e9sz\u00edt\u00e9se, id\u0151k\u00f6zi k\u00f6lts\u00e9gvet\u00e9si jelent\u00e9s, kont\u00edroz\u00e1s, k\u00f6nyvel\u00e9s, k\u00f6telezetts\u00e9gv\u00e1llal\u00e1sok<br>vezet\u00e9se. A k\u00e9pvisel\u0151-test\u00fclet p\u00e9nz\u00fcgyi t\u00e9m\u00e1j\u00fa el\u0151terjeszt\u00e9seinek elk\u00e9sz\u00edt\u00e9se a jegyz\u0151 utas\u00edt\u00e1sa<br>szerint. Az ASP rendszerben a gazd\u00e1lkod\u00e1si szakrendszer, KGR-K11 szakrendszerek teljes k\u00f6r\u0171<br>haszn\u00e1lata. K\u00f6zrem\u0171k\u00f6dik az \u00c1hsz.14. sz\u00e1m\u00fa mell\u00e9klet\u00e9ben foglalt feladatok megval\u00f3s\u00edt\u00e1s\u00e1ban,<br>m\u00e9rleg elk\u00e9sz\u00edt\u00e9s\u00e9ben, lelt\u00e1roz\u00e1si \u00e9s a selejtez\u00e9si folyamatban, p\u00e9nzt\u00e1ri feladatok ell\u00e1t\u00e1s\u00e1ban.<br><strong>Bet\u00f6ltend\u0151 \u00e1ll\u00e1s szakmacsoportja: <\/strong>gazdas\u00e1gi<br><strong>FEOR besorol\u00e1s:<\/strong> 3611 P\u00e9nz\u00fcgyi \u00fcgyint\u00e9z\u0151 (a p\u00e9nzint\u00e9zeti \u00fcgyint\u00e9z\u0151 kiv\u00e9tel\u00e9vel)<br><strong>Bet\u00f6ltend\u0151 \u00e1ll\u00e1s munkak\u00f6r\u00e9nek szakter\u00fclete (munkak\u00f6rcsal\u00e1d):<\/strong><br>K\u00f6zgazdas\u00e1g\/p\u00e9nz\u00fcgyi\/elemz\u00e9si<br><strong>Bet\u00f6ltend\u0151 \u00e1ll\u00e1s jogviszonya:<\/strong> K\u00f6zszolg\u00e1lati jogviszony (Kttv.)<br><strong>Foglalkoztat\u00e1s id\u0151tartama, munkaideje, munkarendje, form\u00e1ja:<\/strong> Hat\u00e1rozatlan, 40 \u00f3ra, teljes<br>munkaid\u0151 (heti 40 \u00f3ra), Teljes munkaid\u0151<br><strong>Munkav\u00e9gz\u00e9s helye:<\/strong> Lit\u00e9r<br><strong>A munkav\u00e9gz\u00e9s pontos helye: <\/strong>8196 Lit\u00e9r \u00c1lmos utca 37.<br><strong>\u00c1ll\u00e1shirdet\u0151 szervezet bemutat\u00e1sa:<\/strong> Lit\u00e9ri K\u00f6z\u00f6s \u00d6nkorm\u00e1nyzati Hivatal<br><strong>A munk\u00e1ltat\u00f3val, \u00e1ll\u00e1ssal kapcsolatos egy\u00e9b l\u00e9nyeges inform\u00e1ci\u00f3 (pl. jogviszony l\u00e9tes\u00edt\u00e9s<br>felt\u00e9telei; pr\u00f3baid\u0151; illetm\u00e9ny\/fizet\u00e9s, speci\u00e1lis adatv\u00e9delmi t\u00e1j\u00e9koztat\u00e1s, szervezet<br>honlap c\u00edme stb.):<\/strong> Inform\u00e1ci\u00f3 k\u00e9rhet\u0151 Bencze \u00c9va jegyz\u0151, 06 30 824-9744. A Kttv. 46.\u00a7 (1)<br>bekezd\u00e9se alapj\u00e1n a kinevez\u00e9s 6 h\u00f3napos pr\u00f3baid\u0151 kik\u00f6t\u00e9s\u00e9vel j\u00f6n l\u00e9tre. A p\u00e1ly\u00e1z\u00f3 ki\u00edr\u00f3ja<br>fenntartja a jogot a p\u00e1ly\u00e1zat eredm\u00e9nytelenn\u00e9 nyilv\u00e1n\u00edt\u00e1s\u00e1ra<\/p>\n\n\n\n<p><strong><a href=\"https:\/\/kiralyszentistvan.hu\/data\/onkormanyzat\/karrier\/2025\/Karrier_2025-08.pdf\">Tov\u00e1bb&#8230;<\/a><\/strong><\/p>\n\n\n\n<p><strong>K\u00e9m\u00e9nysepr\u0151mester \/ k\u00e9m\u00e9nysepr\u0151 szakmunk\u00e1s<\/strong><\/p>\n\n\n\n<p>\u00c1ll\u00e1shirdet\u00e9s a BM Orsz\u00e1gos Katasztr\u00f3fav\u00e9delmi F\u0151igazgat\u00f3s\u00e1g Gazdas\u00e1gi Ell\u00e1t\u00f3 K\u00f6zpont (BM OKF GEK) K\u00e9m\u00e9nysepr\u0151 Ipari Tev\u00e9kenys\u00e9get Ell\u00e1t\u00f3 Igazgat\u00f3-helyettesi Szervezet k\u00e9m\u00e9nysepr\u0151mester \/ k\u00e9m\u00e9nysepr\u0151 szakmunk\u00e1s \/ k\u00e9m\u00e9nysepr\u0151 betan\u00edtott munk\u00e1s munkak\u00f6r bet\u00f6lt\u00e9s\u00e9re<\/p>\n\n\n\n<p>Ell\u00e1tand\u00f3 feladatok:<\/p>\n\n\n\n<p>A k\u00e9m\u00e9nysepr\u0151ipari tev\u00e9kenys\u00e9gr\u0151l sz\u00f3l\u00f3 2015. \u00e9vi CCXI. t\u00f6rv\u00e9ny rendelkez\u00e9sei alapj\u00e1n k\u00e9m\u00e9nysepr\u0151ipari tev\u00e9kenys\u00e9g ell\u00e1t\u00e1sa a lakoss\u00e1gi szektorban.<br>Foglalkoztat\u00e1s: A munka t\u00f6rv\u00e9nyk\u00f6nyv\u00e9r\u0151l sz\u00f3l\u00f3 2012. \u00e9vi I. t\u00f6rv\u00e9ny alapj\u00e1n.<\/p>\n\n\n\n<p>Amennyiben nem rendelkezik ilyen v\u00e9gzetts\u00e9ggel, ingyenes \u00e1tk\u00e9pz\u00e9si lehet\u0151s\u00e9get biztos\u00edtunk, a k\u00e9pz\u00e9s ideje alatt a betan\u00edtott k\u00e9m\u00e9nysepr\u0151knek j\u00e1r\u00f3 illetm\u00e9nyt garant\u00e1ljuk.<\/p>\n\n\n\n<p>V\u00e1rjuk jelentkez\u00e9s\u00e9t abban az esetben is, ha rendelkezik k\u00e9m\u00e9nysepr\u0151 v\u00e9gzetts\u00e9ggel.<br>Foglalkoztat\u00e1si jogviszony id\u0151tartama: Hat\u00e1rozatlan idej\u0171<br>Munkaid\u0151rend: Teljes munkaid\u0151 (4 havi munkaid\u0151keret)<br>Jelentkez\u00e9si felt\u00e9telek:<br>bet\u00f6lt\u00f6tt 18. \u00e9let\u00e9v<br>b\u00fcntetlen el\u0151\u00e9let<br>erk\u00f6lcsi bizony\u00edtv\u00e1ny (3 h\u00f3napn\u00e1l nem r\u00e9gebbi)<br>eg\u00e9szs\u00e9g\u00fcgyi alkalmass\u00e1gi vizsg\u00e1lat<br>minimum alapfok\u00fa iskolai v\u00e9gzetts\u00e9g<br>felhaszn\u00e1l\u00f3i szint\u0171 sz\u00e1m\u00edt\u00e1stechnikai ismeretek<br>&#8222;B&#8221; kateg\u00f3ri\u00e1s jogos\u00edtv\u00e1ny el\u0151nyt jelent<\/p>\n\n\n\n<p><strong><a href=\"https:\/\/gek.katasztrofavedelem.hu\/32352\/allashirdetes\/183\/kemenysepromester-kemenysepro-szakmunkas-kemenysepro-betanitott-munkas\">Tov\u00e1bb&#8230;<\/a><\/strong><\/p>\n","protected":false},"excerpt":{"rendered":"<p>P\u00e9nz\u00fcgyi sz\u00e1mviteli \u00fcgyint\u00e9z\u0151 Tev\u00e9kenys\u00e9gi k\u00f6r (ell\u00e1tand\u00f3 feladatok): A p\u00e9nz\u00fcgyi \u00fcgyint\u00e9z\u0151 f\u0151bb feladatai: az\u00e1llamh\u00e1ztart\u00e1s rendje szerinti \u00f6nkorm\u00e1nyzati sz\u00e1mviteli, p\u00e9nz\u00fcgyi, gazd\u00e1lkod\u00e1si \u00e9sk\u00f6nyvvezet\u00e9si feladatok v\u00e9grehajt\u00e1sa, \u00f6nkorm\u00e1nyzati k\u00f6lts\u00e9gvet\u00e9s \u00e9s k\u00f6lts\u00e9gvet\u00e9si besz\u00e1mol\u00f3elk\u00e9sz\u00edt\u00e9se, id\u0151k\u00f6zi k\u00f6lts\u00e9gvet\u00e9si jelent\u00e9s, kont\u00edroz\u00e1s, k\u00f6nyvel\u00e9s,<a class=\"moretag\" href=\"https:\/\/www.kiralyszentistvan.hu\/kiraly\/karrier\/\">Tov\u00e1bbi inform\u00e1ci\u00f3\u2026<\/a><\/p>\n","protected":false},"author":1,"featured_media":0,"parent":0,"menu_order":0,"comment_status":"closed","ping_status":"closed","template":"","meta":{"footnotes":""},"class_list":["post-582","page","type-page","status-publish","hentry"],"featured_image_src":null,"featured_image_src_square":null,"_links":{"self":[{"href":"https:\/\/www.kiralyszentistvan.hu\/kiraly\/wp-json\/wp\/v2\/pages\/582","targetHints":{"allow":["GET"]}}],"collection":[{"href":"https:\/\/www.kiralyszentistvan.hu\/kiraly\/wp-json\/wp\/v2\/pages"}],"about":[{"href":"https:\/\/www.kiralyszentistvan.hu\/kiraly\/wp-json\/wp\/v2\/types\/page"}],"author":[{"embeddable":true,"href":"https:\/\/www.kiralyszentistvan.hu\/kiraly\/wp-json\/wp\/v2\/users\/1"}],"replies":[{"embeddable":true,"href":"https:\/\/www.kiralyszentistvan.hu\/kiraly\/wp-json\/wp\/v2\/comments?post=582"}],"version-history":[{"count":9,"href":"https:\/\/www.kiralyszentistvan.hu\/kiraly\/wp-json\/wp\/v2\/pages\/582\/revisions"}],"predecessor-version":[{"id":923,"href":"https:\/\/www.kiralyszentistvan.hu\/kiraly\/wp-json\/wp\/v2\/pages\/582\/revisions\/923"}],"wp:attachment":[{"href":"https:\/\/www.kiralyszentistvan.hu\/kiraly\/wp-json\/wp\/v2\/media?parent=582"}],"curies":[{"name":"wp","href":"https:\/\/api.w.org\/{rel}","templated":true}]}}