{"id":560,"date":"2023-11-02T17:43:57","date_gmt":"2023-11-02T17:43:57","guid":{"rendered":"http:\/\/www.kiralyszentistvan.hu\/kiraly\/?page_id=560"},"modified":"2024-06-10T15:11:50","modified_gmt":"2024-06-10T15:11:50","slug":"valasztasi-informacio-2024","status":"publish","type":"page","link":"https:\/\/www.kiralyszentistvan.hu\/kiraly\/valasztasi-informacio-2024\/","title":{"rendered":"V\u00e1laszt\u00e1si inform\u00e1ci\u00f3 2024"},"content":{"rendered":"\n<p class=\"has-text-color\" style=\"color:#aa8114\"><a href=\"http:\/\/kiralyszentistvan.hu\/data\/valasztas2024\/2023-X.31_Hatarozat.pdf\">Hat\u00e1rozat 2023.X.31<\/a><\/p>\n\n\n\n<p class=\"has-text-color has-link-color wp-elements-4a70fdbc1c5d432cbffc6b735c83c29c\" style=\"color:#aa8114\"><a href=\"https:\/\/kiralyszentistvan.hu\/data\/valasztas2024\/HVI-1-2024.pdf\">HVI 1\/2024 sz\u00e1m\u00fa k\u00f6zlem\u00e9nye<\/a><\/p>\n\n\n\n<p class=\"has-text-color has-link-color wp-elements-c0671b6ed66e1f2f9ebf4b8a12fcfa6c\" style=\"color:#aa8114\"><a href=\"https:\/\/kiralyszentistvan.hu\/data\/valasztas2024\/HVI_ajanloiv-igenyles.pdf\">Aj\u00e1nl\u00f3\u00edv ig\u00e9nyl\u00e9s<\/a><\/p>\n\n\n\n<p class=\"has-text-color has-link-color wp-elements-817a615217e5bb15ea883e3e4e70b158\" style=\"color:#aa8114\"><a href=\"https:\/\/kiralyszentistvan.hu\/data\/valasztas2024\/valasztasi-info-0422.pdf\">V\u00e1laszt\u00e1si inform\u00e1ci\u00f3 <\/a><\/p>\n\n\n\n<p class=\"has-text-color has-link-color wp-elements-92b4edeffc79bcd179ea417cfbe376cf\" style=\"color:#aa8114\"><a href=\"https:\/\/kiralyszentistvan.hu\/data\/valasztas2024\/jkv.%20kivonat%200506.pdf\">JKV kivonat 2024-05-03<\/a><\/p>\n\n\n\n<p class=\"has-text-color has-link-color wp-elements-c058499cdd289f48398063d814dc6881\" style=\"color:#aa8114\"><a href=\"https:\/\/kiralyszentistvan.hu\/data\/valasztas2024\/HVB.kivonatok-0506.pdf\">HVB kivonatok 2024-05-06<\/a><\/p>\n\n\n\n<p class=\"has-text-color has-link-color wp-elements-c53fcf9ed782f3e00a2750c160d73717\" style=\"color:#aa8114\"><a href=\"https:\/\/kiralyszentistvan.hu\/data\/valasztas2024\/Kormanyablak_valasztasi_ugyelet.pdf\">Korm\u00e1nyablak v\u00e1laszt\u00e1si \u00fcgyelet<\/a><\/p>\n\n\n\n<p class=\"has-text-color has-link-color wp-elements-2c10906bcc49290d3de2508e63007b8a\" style=\"color:#aa8114\"><a href=\"https:\/\/kiralyszentistvan.hu\/data\/valasztas2024\/16-2024_HVB_hat.pdf\">16\/2024 HVB hat\u00e1rozata<\/a><\/p>\n\n\n\n<p class=\"has-text-color has-link-color wp-elements-828af98b34b59a431f9a9545ee64df7c\" style=\"color:#aa8114\"><a href=\"https:\/\/kiralyszentistvan.hu\/data\/valasztas2024\/17-2024_HVB_hat%20.pdf\">17\/2024 HVB hat\u00e1rozat<\/a><\/p>\n\n\n\n<p class=\"has-text-color has-link-color wp-elements-18575fdf7fcc3df26cdfd714c9d58793\" style=\"color:#aa8114\"><a href=\"https:\/\/kiralyszentistvan.hu\/data\/valasztas2024\/06-09_HVB_JKV.pdf\">2024.06.09. HVB JKV<\/a><\/p>\n\n\n\n<p><\/p>\n","protected":false},"excerpt":{"rendered":"<p>Hat\u00e1rozat 2023.X.31 HVI 1\/2024 sz\u00e1m\u00fa k\u00f6zlem\u00e9nye Aj\u00e1nl\u00f3\u00edv ig\u00e9nyl\u00e9s V\u00e1laszt\u00e1si inform\u00e1ci\u00f3 JKV kivonat 2024-05-03 HVB kivonatok 2024-05-06 Korm\u00e1nyablak v\u00e1laszt\u00e1si \u00fcgyelet 16\/2024 HVB hat\u00e1rozata 17\/2024 HVB hat\u00e1rozat 2024.06.09. HVB JKV<\/p>\n","protected":false},"author":1,"featured_media":0,"parent":0,"menu_order":0,"comment_status":"closed","ping_status":"closed","template":"","meta":{"footnotes":""},"class_list":["post-560","page","type-page","status-publish","hentry"],"featured_image_src":null,"featured_image_src_square":null,"_links":{"self":[{"href":"https:\/\/www.kiralyszentistvan.hu\/kiraly\/wp-json\/wp\/v2\/pages\/560","targetHints":{"allow":["GET"]}}],"collection":[{"href":"https:\/\/www.kiralyszentistvan.hu\/kiraly\/wp-json\/wp\/v2\/pages"}],"about":[{"href":"https:\/\/www.kiralyszentistvan.hu\/kiraly\/wp-json\/wp\/v2\/types\/page"}],"author":[{"embeddable":true,"href":"https:\/\/www.kiralyszentistvan.hu\/kiraly\/wp-json\/wp\/v2\/users\/1"}],"replies":[{"embeddable":true,"href":"https:\/\/www.kiralyszentistvan.hu\/kiraly\/wp-json\/wp\/v2\/comments?post=560"}],"version-history":[{"count":9,"href":"https:\/\/www.kiralyszentistvan.hu\/kiraly\/wp-json\/wp\/v2\/pages\/560\/revisions"}],"predecessor-version":[{"id":672,"href":"https:\/\/www.kiralyszentistvan.hu\/kiraly\/wp-json\/wp\/v2\/pages\/560\/revisions\/672"}],"wp:attachment":[{"href":"https:\/\/www.kiralyszentistvan.hu\/kiraly\/wp-json\/wp\/v2\/media?parent=560"}],"curies":[{"name":"wp","href":"https:\/\/api.w.org\/{rel}","templated":true}]}}