{"id":53,"date":"2017-08-26T16:27:37","date_gmt":"2017-08-26T16:27:37","guid":{"rendered":"http:\/\/www.kiralyszentistvan.hu\/kiraly\/?page_id=53"},"modified":"2017-08-26T16:27:37","modified_gmt":"2017-08-26T16:27:37","slug":"igy-talalsz-rank","status":"publish","type":"page","link":"https:\/\/www.kiralyszentistvan.hu\/kiraly\/igy-talalsz-rank\/","title":{"rendered":"\u00cdgy tal\u00e1lsz r\u00e1nk"},"content":{"rendered":"<p><iframe loading=\"lazy\" src=\"http:\/\/maps.google.com\/maps\/ms?hl=hu&amp;ptab=2&amp;ie=UTF8&amp;oe=UTF8&amp;msa=0&amp;msid=205392765822747716702.000477c96c078c99edef2&amp;t=h&amp;source=embed&amp;ll=47.109451,18.04484&amp;spn=0.002556,0.006437&amp;z=17&amp;output=embed\" width=\"600\" height=\"350\" frameborder=\"0\" marginwidth=\"0\" marginheight=\"0\" scrolling=\"no\"><\/iframe><br \/>\n<small><a style=\"color: #0000ff; text-align: left;\" href=\"http:\/\/maps.google.com\/maps\/ms?hl=hu&amp;ptab=2&amp;ie=UTF8&amp;oe=UTF8&amp;msa=0&amp;msid=205392765822747716702.000477c96c078c99edef2&amp;t=h&amp;source=embed&amp;ll=47.109451,18.04484&amp;spn=0.002556,0.006437&amp;z=17\">Kir\u00e1lyszentistv\u00e1n<\/a> nagyobb t\u00e9rk\u00e9pen val\u00f3 megjelen\u00edt\u00e9se<\/small><\/p>\n","protected":false},"excerpt":{"rendered":"<p>Kir\u00e1lyszentistv\u00e1n nagyobb t\u00e9rk\u00e9pen val\u00f3 megjelen\u00edt\u00e9se<\/p>\n","protected":false},"author":1,"featured_media":0,"parent":0,"menu_order":0,"comment_status":"closed","ping_status":"closed","template":"","meta":{"footnotes":""},"class_list":["post-53","page","type-page","status-publish","hentry"],"featured_image_src":null,"featured_image_src_square":null,"_links":{"self":[{"href":"https:\/\/www.kiralyszentistvan.hu\/kiraly\/wp-json\/wp\/v2\/pages\/53","targetHints":{"allow":["GET"]}}],"collection":[{"href":"https:\/\/www.kiralyszentistvan.hu\/kiraly\/wp-json\/wp\/v2\/pages"}],"about":[{"href":"https:\/\/www.kiralyszentistvan.hu\/kiraly\/wp-json\/wp\/v2\/types\/page"}],"author":[{"embeddable":true,"href":"https:\/\/www.kiralyszentistvan.hu\/kiraly\/wp-json\/wp\/v2\/users\/1"}],"replies":[{"embeddable":true,"href":"https:\/\/www.kiralyszentistvan.hu\/kiraly\/wp-json\/wp\/v2\/comments?post=53"}],"version-history":[{"count":1,"href":"https:\/\/www.kiralyszentistvan.hu\/kiraly\/wp-json\/wp\/v2\/pages\/53\/revisions"}],"predecessor-version":[{"id":54,"href":"https:\/\/www.kiralyszentistvan.hu\/kiraly\/wp-json\/wp\/v2\/pages\/53\/revisions\/54"}],"wp:attachment":[{"href":"https:\/\/www.kiralyszentistvan.hu\/kiraly\/wp-json\/wp\/v2\/media?parent=53"}],"curies":[{"name":"wp","href":"https:\/\/api.w.org\/{rel}","templated":true}]}}