{"id":51,"date":"2017-08-26T16:26:23","date_gmt":"2017-08-26T16:26:23","guid":{"rendered":"http:\/\/www.kiralyszentistvan.hu\/kiraly\/?page_id=51"},"modified":"2017-08-26T16:26:23","modified_gmt":"2017-08-26T16:26:23","slug":"telepulesunk-bemutatkozo-filmje","status":"publish","type":"page","link":"https:\/\/www.kiralyszentistvan.hu\/kiraly\/telepulesunk-bemutatkozo-filmje\/","title":{"rendered":"Telep\u00fcl\u00e9s\u00fcnk bemutatkoz\u00f3 filmje"},"content":{"rendered":"<p><span style=\"font-family: georgia,serif;\"><span style=\"font-size: 14px;\">Fogadj\u00e1tok igen nagy szeretettel Kir\u00e1lyszentistv\u00e1nnak, a mi sz\u00e9ps\u00e9ges &#8222;\u00e9kszerdobozunknak&#8221; bemutatkoz\u00f3 kisfilmj\u00e9t.<br \/>\nA napokban egy kedves ismer\u0151s\u00fcnk \u00fagy fogalmazott, hogy az \u00e9rt\u00e9k mi magunk, az itt \u00e9l\u0151k vagyunk. Mi kieg\u00e9sz\u00edten\u00e9nk annyival, hogy \u00e9rt\u00e9kk\u00e9 csak akkor v\u00e1lhatunk a mai vil\u00e1gban, itthon Magyarorsz\u00e1gon, ha megvan benn\u00fcnk a hovatartoz\u00e1s, a tenni akar\u00e1s, az \u00f6sszefog\u00e1s \u00e9s az \u00f6sszetart\u00e1s tudata, ami nagym\u00e9rt\u00e9kben hozz\u00e1seg\u00edti, &#8222;\u00e9kszerdobozz\u00e1&#8221; form\u00e1lni a mi saj\u00e1t kicsinyke vil\u00e1gunkat, azaz falunkat.<br \/>\nK\u00e9r\u00fcnk Benneteket, hogy vigy\u00e9tek h\u00edr\u00e9t &#8211; hat\u00e1ron innen \u00e9s t\u00fal &#8211; a mi sz\u00e9ps\u00e9ges telep\u00fcl\u00e9s\u00fcnknek, Kir\u00e1lyszentistv\u00e1nnak!<\/span><\/span><\/p>\n<p>&nbsp;<\/p>\n<p style=\"text-align: center;\"><iframe loading=\"lazy\" src=\"https:\/\/www.youtube.com\/embed\/xUWPNwh6PnM?rel=0\" width=\"853\" height=\"480\" frameborder=\"0\" allowfullscreen=\"allowfullscreen\"><\/iframe><\/p>\n<p style=\"text-align: center;\">\n<p style=\"text-align: center;\"><strong><span style=\"font-size: 14px;\"><span style=\"font-family: georgia,serif;\">Kisfilm\u00fcnk r\u00f6viditett v\u00e1ltozata<\/span><\/span><\/strong><\/p>\n<p style=\"text-align: center;\">\n<p style=\"text-align: center;\"><iframe loading=\"lazy\" src=\"https:\/\/www.youtube.com\/embed\/sxigfk4Llm4?rel=0\" width=\"853\" height=\"480\" frameborder=\"0\" allowfullscreen=\"allowfullscreen\"><\/iframe><\/p>\n","protected":false},"excerpt":{"rendered":"<p>Fogadj\u00e1tok igen nagy szeretettel Kir\u00e1lyszentistv\u00e1nnak, a mi sz\u00e9ps\u00e9ges &#8222;\u00e9kszerdobozunknak&#8221; bemutatkoz\u00f3 kisfilmj\u00e9t. A napokban egy kedves ismer\u0151s\u00fcnk \u00fagy fogalmazott, hogy az \u00e9rt\u00e9k mi magunk, az itt \u00e9l\u0151k vagyunk. Mi kieg\u00e9sz\u00edten\u00e9nk annyival, hogy \u00e9rt\u00e9kk\u00e9<a class=\"moretag\" href=\"https:\/\/www.kiralyszentistvan.hu\/kiraly\/telepulesunk-bemutatkozo-filmje\/\">Tov\u00e1bbi inform\u00e1ci\u00f3\u2026<\/a><\/p>\n","protected":false},"author":1,"featured_media":0,"parent":0,"menu_order":0,"comment_status":"closed","ping_status":"closed","template":"","meta":{"footnotes":""},"class_list":["post-51","page","type-page","status-publish","hentry"],"featured_image_src":null,"featured_image_src_square":null,"_links":{"self":[{"href":"https:\/\/www.kiralyszentistvan.hu\/kiraly\/wp-json\/wp\/v2\/pages\/51","targetHints":{"allow":["GET"]}}],"collection":[{"href":"https:\/\/www.kiralyszentistvan.hu\/kiraly\/wp-json\/wp\/v2\/pages"}],"about":[{"href":"https:\/\/www.kiralyszentistvan.hu\/kiraly\/wp-json\/wp\/v2\/types\/page"}],"author":[{"embeddable":true,"href":"https:\/\/www.kiralyszentistvan.hu\/kiraly\/wp-json\/wp\/v2\/users\/1"}],"replies":[{"embeddable":true,"href":"https:\/\/www.kiralyszentistvan.hu\/kiraly\/wp-json\/wp\/v2\/comments?post=51"}],"version-history":[{"count":1,"href":"https:\/\/www.kiralyszentistvan.hu\/kiraly\/wp-json\/wp\/v2\/pages\/51\/revisions"}],"predecessor-version":[{"id":52,"href":"https:\/\/www.kiralyszentistvan.hu\/kiraly\/wp-json\/wp\/v2\/pages\/51\/revisions\/52"}],"wp:attachment":[{"href":"https:\/\/www.kiralyszentistvan.hu\/kiraly\/wp-json\/wp\/v2\/media?parent=51"}],"curies":[{"name":"wp","href":"https:\/\/api.w.org\/{rel}","templated":true}]}}