{"id":463,"date":"2023-03-27T16:24:27","date_gmt":"2023-03-27T16:24:27","guid":{"rendered":"http:\/\/www.kiralyszentistvan.hu\/kiraly\/?page_id=463"},"modified":"2023-12-20T15:59:02","modified_gmt":"2023-12-20T15:59:02","slug":"2023-evi-kepviselo-testuleti-ules","status":"publish","type":"page","link":"https:\/\/www.kiralyszentistvan.hu\/kiraly\/2023-evi-kepviselo-testuleti-ules\/","title":{"rendered":"2023 \u00e9vi k\u00e9pvisel\u0151 test\u00fcleti \u00fcl\u00e9s"},"content":{"rendered":"\n<p><strong>A jegyz\u0151k\u00f6nyvek&nbsp; megnyit\u00e1s\u00e1hoz&nbsp; sz\u00fcks\u00e9ges ingyenes program let\u00f6lthet\u0151 <a rel=\"noreferrer noopener\" href=\"http:\/\/www.foxitsoftware.com\/pdf\/rd_intro.php\" target=\"_blank\">innen.<\/a> (Foxit Reader) vagy <a rel=\"noreferrer noopener\" href=\"http:\/\/get.adobe.com\/reader\/\" target=\"_blank\">innen <\/a>(Adobe Reader)<\/strong><\/p>\n\n\n\n<p class=\"has-text-color\" style=\"color:#aa8118\"><a href=\"http:\/\/kiralyszentistvan.hu\/data\/onkormanyzat\/KT_ulesek\/2023\/2023-02-14_KT-JKV.pdf\">2023. Febru\u00e1r 14. KT \u00fcl\u00e9s<\/a><\/p>\n\n\n\n<p class=\"has-text-color\" style=\"color:#aa8118\"><a href=\"http:\/\/kiralyszentistvan.hu\/data\/onkormanyzat\/KT_ulesek\/2023\/2023-03-30_KT-JKV.pdf\">2023. M\u00e1rcius 30. KT \u00fcl\u00e9s<\/a><\/p>\n\n\n\n<p class=\"has-text-color\" style=\"color:#aa8110\"><a href=\"http:\/\/kiralyszentistvan.hu\/data\/onkormanyzat\/KT_ulesek\/2023\/2023-05-16_KT-JKV.pdf\">2023. M\u00e1jus 16. KT \u00fcl\u00e9s<\/a><\/p>\n\n\n\n<p class=\"has-text-color\" style=\"color:#aa8110\"><a href=\"http:\/\/kiralyszentistvan.hu\/data\/onkormanyzat\/KT_ulesek\/2023\/2023-06-13_KT-JKV.pdf\">2023. J\u00fanius 13. KT \u00fcl\u00e9s<\/a><\/p>\n\n\n\n<p class=\"has-text-color\" style=\"color:#aa8110\"><a href=\"http:\/\/kiralyszentistvan.hu\/data\/onkormanyzat\/KT_ulesek\/2023\/2023-06-29_RKT-JKV.pdf\">2023. J\u00fanius 29. Rendk\u00edv\u00fcli KT \u00fcl\u00e9s<\/a><\/p>\n\n\n\n<p class=\"has-text-color\" style=\"color:#aa8114\"><a href=\"http:\/\/kiralyszentistvan.hu\/data\/onkormanyzat\/KT_ulesek\/2023\/2023-07-17_RKKT-JKV.pdf\">2023. J\u00falius 17. Rendk\u00edv\u00fcli KT \u00fcl\u00e9s<\/a><\/p>\n\n\n\n<p class=\"has-text-color\" style=\"color:#aa8110\"><a href=\"http:\/\/kiralyszentistvan.hu\/data\/onkormanyzat\/KT_ulesek\/2023\/2023-08-30_RKKT-JKV.pdf\">2023. Augusztus 30. Rendk\u00edv\u00fcli KT \u00fcl\u00e9s<\/a><\/p>\n\n\n\n<p class=\"has-text-color\" style=\"color:#aa8614\"><a href=\"http:\/\/kiralyszentistvan.hu\/data\/onkormanyzat\/KT_ulesek\/2023\/2023-09-26_KT-JKV.pdf\">2023. Szeptember 26. KT \u00fcl\u00e9s<\/a><\/p>\n\n\n\n<p class=\"has-text-color\" style=\"color:#aa8114\"><a href=\"http:\/\/kiralyszentistvan.hu\/data\/onkormanyzat\/KT_ulesek\/2023\/2023-10-25_KT-JKV.pdf\">2023. Okt\u00f3ber 25. KT \u00fcl\u00e9s<\/a><\/p>\n\n\n\n<p class=\"has-text-color has-link-color wp-elements-67ee582d2b32eb6d914f2cd1b4f22b26\" style=\"color:#aa8114\"><a href=\"http:\/\/kiralyszentistvan.hu\/data\/onkormanyzat\/KT_ulesek\/2023\/2023-11-21_KT-JKV.pdf\">2023. November 21. KT \u00fcl\u00e9s<\/a><\/p>\n\n\n\n<p class=\"has-text-color has-link-color wp-elements-1a593687506da9985b5b6bc268d2cbd3\" style=\"color:#aa8614\"><a href=\"http:\/\/kiralyszentistvan.hu\/data\/onkormanyzat\/KT_ulesek\/2023\/12-05\/meghivo_kozmeghallgatasra.pdf\">2023. December 5. k\u00f6zmeghallgat\u00e1s &#8211; Megh\u00edv\u00f3<\/a><br><a href=\"http:\/\/kiralyszentistvan.hu\/data\/onkormanyzat\/KT_ulesek\/2023\/2023-12-05_kozmeghall-JKV.pdf\">2023 December 5. K\u00f6zmeghallgat\u00e1s JKV<\/a><\/p>\n","protected":false},"excerpt":{"rendered":"<p>A jegyz\u0151k\u00f6nyvek&nbsp; megnyit\u00e1s\u00e1hoz&nbsp; sz\u00fcks\u00e9ges ingyenes program let\u00f6lthet\u0151 innen. (Foxit Reader) vagy innen (Adobe Reader) 2023. Febru\u00e1r 14. KT \u00fcl\u00e9s 2023. M\u00e1rcius 30. KT \u00fcl\u00e9s 2023. M\u00e1jus 16. KT \u00fcl\u00e9s 2023. J\u00fanius 13.<a class=\"moretag\" href=\"https:\/\/www.kiralyszentistvan.hu\/kiraly\/2023-evi-kepviselo-testuleti-ules\/\">Tov\u00e1bbi inform\u00e1ci\u00f3\u2026<\/a><\/p>\n","protected":false},"author":1,"featured_media":0,"parent":0,"menu_order":0,"comment_status":"closed","ping_status":"closed","template":"","meta":{"footnotes":""},"class_list":["post-463","page","type-page","status-publish","hentry"],"featured_image_src":null,"featured_image_src_square":null,"_links":{"self":[{"href":"https:\/\/www.kiralyszentistvan.hu\/kiraly\/wp-json\/wp\/v2\/pages\/463","targetHints":{"allow":["GET"]}}],"collection":[{"href":"https:\/\/www.kiralyszentistvan.hu\/kiraly\/wp-json\/wp\/v2\/pages"}],"about":[{"href":"https:\/\/www.kiralyszentistvan.hu\/kiraly\/wp-json\/wp\/v2\/types\/page"}],"author":[{"embeddable":true,"href":"https:\/\/www.kiralyszentistvan.hu\/kiraly\/wp-json\/wp\/v2\/users\/1"}],"replies":[{"embeddable":true,"href":"https:\/\/www.kiralyszentistvan.hu\/kiraly\/wp-json\/wp\/v2\/comments?post=463"}],"version-history":[{"count":11,"href":"https:\/\/www.kiralyszentistvan.hu\/kiraly\/wp-json\/wp\/v2\/pages\/463\/revisions"}],"predecessor-version":[{"id":580,"href":"https:\/\/www.kiralyszentistvan.hu\/kiraly\/wp-json\/wp\/v2\/pages\/463\/revisions\/580"}],"wp:attachment":[{"href":"https:\/\/www.kiralyszentistvan.hu\/kiraly\/wp-json\/wp\/v2\/media?parent=463"}],"curies":[{"name":"wp","href":"https:\/\/api.w.org\/{rel}","templated":true}]}}