{"id":39,"date":"2017-08-26T15:50:11","date_gmt":"2017-08-26T15:50:11","guid":{"rendered":"http:\/\/www.kiralyszentistvan.hu\/kiraly\/?page_id=39"},"modified":"2017-08-26T15:50:11","modified_gmt":"2017-08-26T15:50:11","slug":"jogi-informaciok","status":"publish","type":"page","link":"https:\/\/www.kiralyszentistvan.hu\/kiraly\/jogi-informaciok\/","title":{"rendered":"Jogi inform\u00e1c\u00ed\u00f3k"},"content":{"rendered":"<p><strong>\u00a0Azzal, hogy bel\u00e9p a\u00a0<a title=\"www.kiralyszentistvan.hu\" href=\"http:\/\/www.kiralyszentistvan.hu\/\">www.kiralyszentistvan.hu<\/a>\u00a0weboldalra, elfogadja az al\u00e1bbi felt\u00e9teleket, m\u00e9g abban az esetben is, ha nem regisztr\u00e1lt felhaszn\u00e1l\u00f3ja az oldalnak:<\/strong><\/p>\n<ul>\n<li>\u00a0\u00a0\u00a0 A kiralyszentistvan.hu weboldalon tal\u00e1lhat\u00f3 tartalom az Kir\u00e1lyszentistv\u00e1n k\u00f6zs\u00e9g szellemi tulajdona.<\/li>\n<li>\u00a0\u00a0\u00a0 A kiralyszentistvan.hu fenntart minden, a lap b\u00e1rmely r\u00e9sz\u00e9nek b\u00e1rmilyen m\u00f3dszerrel, technik\u00e1val t\u00f6rt\u00e9n\u0151 m\u00e1sol\u00e1s\u00e1val \u00e9s terjeszt\u00e9s\u00e9vel kapcsolatos jogot.<\/li>\n<li>\u00a0\u00a0\u00a0 A kiralyszentistvan.hu el\u0151zetes \u00edr\u00e1sos hozz\u00e1j\u00e1rul\u00e1sa n\u00e9lk\u00fcl tilos a lap eg\u00e9sz\u00e9nek vagy r\u00e9szeinek (sz\u00f6veg, grafika, fot\u00f3, adatszerkezet, strukt\u00fara, elj\u00e1r\u00e1s, program stb.) feldolgoz\u00e1sa \u00e9s \u00e9rt\u00e9kes\u00edt\u00e9se. A lap tartalm\u00e1nak egyes r\u00e9szeit &#8211; kiz\u00e1r\u00f3lag saj\u00e1t felhaszn\u00e1l\u00e1s c\u00e9lj\u00e1b\u00f3l &#8211; merevlemez\u00e9re mentheti, vagy kinyomtathatja, de ebben az esetben sem jogosult a lap \u00edgy t\u00f6bbsz\u00f6r\u00f6z\u00f6tt r\u00e9sz\u00e9nek tov\u00e1bbi felhaszn\u00e1l\u00e1s\u00e1ra, terjeszt\u00e9s\u00e9re, adatb\u00e1zisban t\u00f6rt\u00e9n\u0151 t\u00e1rol\u00e1s\u00e1ra, let\u00f6lthet\u0151v\u00e9 t\u00e9tel\u00e9re, kereskedelmi forgalomba hozatal\u00e1ra.<\/li>\n<li>\u00a0\u00a0\u00a0 Tilos a kiralyszentistvan.hu el\u0151zetes \u00edr\u00e1sbeli enged\u00e9lye n\u00e9lk\u00fcl a lap tartalm\u00e1t t\u00fckr\u00f6zni, azaz technikai m\u0171velet seg\u00edts\u00e9g\u00e9vel nyilv\u00e1noss\u00e1ghoz \u00fajrak\u00f6zvet\u00edteni, m\u00e9g v\u00e1ltozatlan form\u00e1ban is.<\/li>\n<li>\u00a0\u00a0\u00a0 Tilos tov\u00e1bb\u00e1 a megjelent h\u00edrekb\u0151l, dokumentumokb\u00f3l, fot\u00f3kb\u00f3l, stb. b\u00e1rmely r\u00e9szt kiv\u00e1gni, a megcsonk\u00edtott r\u00e9szt pedig nyilv\u00e1noss\u00e1ghoz b\u00e1rmely m\u00f3don \u00fajrak\u00f6zvet\u00edteni!<\/li>\n<li>\u00a0\u00a0\u00a0 A kiralyszentistvan.hu a pontos \u00e9s hiteles inform\u00e1ci\u00f3k k\u00f6zl\u00e9s\u00e9re t\u00f6rekszik, de a t\u00e1j\u00e9koztat\u00e1sb\u00f3l fakad\u00f3 esetleges k\u00e1rok\u00e9rt felel\u0151ss\u00e9get nem v\u00e1llal.<\/li>\n<\/ul>\n","protected":false},"excerpt":{"rendered":"<p>\u00a0Azzal, hogy bel\u00e9p a\u00a0www.kiralyszentistvan.hu\u00a0weboldalra, elfogadja az al\u00e1bbi felt\u00e9teleket, m\u00e9g abban az esetben is, ha nem regisztr\u00e1lt felhaszn\u00e1l\u00f3ja az oldalnak: \u00a0\u00a0\u00a0 A kiralyszentistvan.hu weboldalon tal\u00e1lhat\u00f3 tartalom az Kir\u00e1lyszentistv\u00e1n k\u00f6zs\u00e9g szellemi tulajdona. \u00a0\u00a0\u00a0 A<a class=\"moretag\" href=\"https:\/\/www.kiralyszentistvan.hu\/kiraly\/jogi-informaciok\/\">Tov\u00e1bbi inform\u00e1ci\u00f3\u2026<\/a><\/p>\n","protected":false},"author":1,"featured_media":0,"parent":0,"menu_order":0,"comment_status":"closed","ping_status":"closed","template":"","meta":{"footnotes":""},"class_list":["post-39","page","type-page","status-publish","hentry"],"featured_image_src":null,"featured_image_src_square":null,"_links":{"self":[{"href":"https:\/\/www.kiralyszentistvan.hu\/kiraly\/wp-json\/wp\/v2\/pages\/39","targetHints":{"allow":["GET"]}}],"collection":[{"href":"https:\/\/www.kiralyszentistvan.hu\/kiraly\/wp-json\/wp\/v2\/pages"}],"about":[{"href":"https:\/\/www.kiralyszentistvan.hu\/kiraly\/wp-json\/wp\/v2\/types\/page"}],"author":[{"embeddable":true,"href":"https:\/\/www.kiralyszentistvan.hu\/kiraly\/wp-json\/wp\/v2\/users\/1"}],"replies":[{"embeddable":true,"href":"https:\/\/www.kiralyszentistvan.hu\/kiraly\/wp-json\/wp\/v2\/comments?post=39"}],"version-history":[{"count":1,"href":"https:\/\/www.kiralyszentistvan.hu\/kiraly\/wp-json\/wp\/v2\/pages\/39\/revisions"}],"predecessor-version":[{"id":40,"href":"https:\/\/www.kiralyszentistvan.hu\/kiraly\/wp-json\/wp\/v2\/pages\/39\/revisions\/40"}],"wp:attachment":[{"href":"https:\/\/www.kiralyszentistvan.hu\/kiraly\/wp-json\/wp\/v2\/media?parent=39"}],"curies":[{"name":"wp","href":"https:\/\/api.w.org\/{rel}","templated":true}]}}