{"id":291,"date":"2022-02-26T06:16:39","date_gmt":"2022-02-26T06:16:39","guid":{"rendered":"http:\/\/www.kiralyszentistvan.hu\/kiraly\/?page_id=291"},"modified":"2022-02-26T06:18:50","modified_gmt":"2022-02-26T06:18:50","slug":"orszaggyulesi-kepviselo-valasztas-2022","status":"publish","type":"page","link":"https:\/\/www.kiralyszentistvan.hu\/kiraly\/orszaggyulesi-kepviselo-valasztas-2022\/","title":{"rendered":"Orsz\u00e1ggy\u0171l\u00e9si v\u00e1laszt\u00e1s 2022"},"content":{"rendered":"\n<p><a href=\"http:\/\/kiralyszentistvan.hu\/data\/valasztas2022\/HVI_kozlemeny.docx\"><span style=\"color:#aa8110\" class=\"has-inline-color\">HVI K\u00f6zlem\u00e9ny<\/span><\/a><\/p>\n","protected":false},"excerpt":{"rendered":"<p>HVI K\u00f6zlem\u00e9ny<\/p>\n","protected":false},"author":1,"featured_media":0,"parent":0,"menu_order":0,"comment_status":"closed","ping_status":"closed","template":"","meta":{"footnotes":""},"class_list":["post-291","page","type-page","status-publish","hentry"],"featured_image_src":null,"featured_image_src_square":null,"_links":{"self":[{"href":"https:\/\/www.kiralyszentistvan.hu\/kiraly\/wp-json\/wp\/v2\/pages\/291","targetHints":{"allow":["GET"]}}],"collection":[{"href":"https:\/\/www.kiralyszentistvan.hu\/kiraly\/wp-json\/wp\/v2\/pages"}],"about":[{"href":"https:\/\/www.kiralyszentistvan.hu\/kiraly\/wp-json\/wp\/v2\/types\/page"}],"author":[{"embeddable":true,"href":"https:\/\/www.kiralyszentistvan.hu\/kiraly\/wp-json\/wp\/v2\/users\/1"}],"replies":[{"embeddable":true,"href":"https:\/\/www.kiralyszentistvan.hu\/kiraly\/wp-json\/wp\/v2\/comments?post=291"}],"version-history":[{"count":2,"href":"https:\/\/www.kiralyszentistvan.hu\/kiraly\/wp-json\/wp\/v2\/pages\/291\/revisions"}],"predecessor-version":[{"id":294,"href":"https:\/\/www.kiralyszentistvan.hu\/kiraly\/wp-json\/wp\/v2\/pages\/291\/revisions\/294"}],"wp:attachment":[{"href":"https:\/\/www.kiralyszentistvan.hu\/kiraly\/wp-json\/wp\/v2\/media?parent=291"}],"curies":[{"name":"wp","href":"https:\/\/api.w.org\/{rel}","templated":true}]}}