{"id":285,"date":"2022-02-15T16:33:18","date_gmt":"2022-02-15T16:33:18","guid":{"rendered":"http:\/\/www.kiralyszentistvan.hu\/kiraly\/?page_id=285"},"modified":"2022-12-18T08:25:59","modified_gmt":"2022-12-18T08:25:59","slug":"2022-evi-kepviselo-testuleti-ules","status":"publish","type":"page","link":"https:\/\/www.kiralyszentistvan.hu\/kiraly\/2022-evi-kepviselo-testuleti-ules\/","title":{"rendered":"2022 \u00e9vi k\u00e9pvisel\u0151 test\u00fcleti \u00fcl\u00e9s"},"content":{"rendered":"\n<p><strong>A jegyz\u0151k\u00f6nyvek&nbsp; megnyit\u00e1s\u00e1hoz&nbsp; sz\u00fcks\u00e9ges ingyenes program let\u00f6lthet\u0151 <a rel=\"noreferrer noopener\" href=\"http:\/\/www.foxitsoftware.com\/pdf\/rd_intro.php\" target=\"_blank\">innen.<\/a> (Foxit Reader) vagy <a rel=\"noreferrer noopener\" href=\"http:\/\/get.adobe.com\/reader\/\" target=\"_blank\">innen <\/a>(Adobe Reader)<\/strong><\/p>\n\n\n\n<p><a href=\"http:\/\/kiralyszentistvan.hu\/data\/onkormanyzat\/KT_ulesek\/2022\/2022-01-25_KT.pdf\"><span style=\"color:#aa8110\" class=\"has-inline-color\">2022. janu\u00e1r 25.  KT \u00fcl\u00e9s <\/span><\/a><\/p>\n\n\n\n<p><a href=\"http:\/\/kiralyszentistvan.hu\/data\/onkormanyzat\/KT_ulesek\/2022\/2022-02-28_KT.pdf\"><span style=\"color:#aa8110\" class=\"has-inline-color\">2022. Febru\u00e1r 28. KT \u00fcl\u00e9s<\/span><\/a><\/p>\n\n\n\n<p class=\"has-text-color\" style=\"color:#aa8110\"><a href=\"http:\/\/kiralyszentistvan.hu\/data\/onkormanyzat\/KT_ulesek\/2022\/2022-04-12_RK.pdf\"><mark style=\"background-color:rgba(0, 0, 0, 0);color:#aa8110\" class=\"has-inline-color\">2022. \u00c1prilis 12. rendk\u00edv\u00fcli KT \u00fcl\u00e9s<\/mark><\/a><\/p>\n\n\n\n<p class=\"has-text-color\" style=\"color:#af840d\"><a href=\"http:\/\/kiralyszentistvan.hu\/data\/onkormanyzat\/KT_ulesek\/2022\/2022-05-17_KT_meghivo.pdf\">2022.05.17. KT \u00fcl\u00e9s Megh\u00edv\u00f3<\/a><\/p>\n\n\n\n<p><a href=\"http:\/\/kiralyszentistvan.hu\/data\/onkormanyzat\/KT_ulesek\/2022\/%202022_05_17_KT_JKV.pdf\">2022.05.17 KT \u00fcl\u00e9s JKV<\/a><\/p>\n\n\n\n<p class=\"has-text-color\" style=\"color:#aa8110\"><a href=\"http:\/\/kiralyszentistvan.hu\/data\/onkormanyzat\/KT_ulesek\/2022\/%202022_05_17_KT.pdf\">2022.05.17 KT \u00fcl\u00e9s el\u0151terjeszt\u00e9s<\/a><\/p>\n\n\n\n<p class=\"has-text-color\" style=\"color:#aa8110\"><a href=\"http:\/\/kiralyszentistvan.hu\/data\/onkormanyzat\/KT_ulesek\/2022\/2022-06-16_KT_meghivo.pdf\">2022.06.16 KT \u00fcl\u00e9s Megh\u00edv\u00f3<\/a><\/p>\n\n\n\n<p class=\"has-text-color\" style=\"color:#aa8110\"><a href=\"http:\/\/kiralyszentistvan.hu\/data\/onkormanyzat\/KT_ulesek\/2022\/%202022-06-16_KT.pdf\">2022.06.16 KT \u00fcl\u00e9s JKV<\/a><\/p>\n\n\n\n<p><a href=\"http:\/\/kiralyszentistvan.hu\/data\/onkormanyzat\/KT_ulesek\/2022\/2022-09-29_KT-jkv.pdf\">2022.08.29 KT \u00fcl\u00e9s JKV<\/a><\/p>\n\n\n\n<p class=\"has-text-color\" style=\"color:#aa8110\"><a href=\"http:\/\/kiralyszentistvan.hu\/data\/onkormanyzat\/KT_ulesek\/2022\/2022-09-19_rk-KT.pdf\">2022.09.19 rendk\u00edv\u00fcli KT \u00fcl\u00e9s<\/a><\/p>\n\n\n\n<p class=\"has-text-color\" style=\"color:#aa8110\"><a href=\"http:\/\/kiralyszentistvan.hu\/data\/onkormanyzat\/KT_ulesek\/2022\/2022-09-27_KT_jkv.pdf\">2022.09.27 KT \u00fcl\u00e9s jkv<\/a><\/p>\n\n\n\n<p class=\"has-text-color\" style=\"color:#aa8110\"><a href=\"http:\/\/kiralyszentistvan.hu\/data\/onkormanyzat\/KT_ulesek\/2022\/20221122_JKV.pdf\">2022.11.22 KT \u00fcl\u00e9s Megh\u00edv\u00f3 \u00e9s JKV<\/a><\/p>\n\n\n\n<p class=\"has-text-color\" style=\"color:#aa8110\"><a href=\"http:\/\/kiralyszentistvan.hu\/data\/onkormanyzat\/KT_ulesek\/2022\/20221122_1-3_eloter.pdf\">2022.11.22 KT \u00fcl\u00e9s el\u0151terjeszt\u00e9s 1-3. r\u00e9sz<\/a><\/p>\n\n\n\n<p class=\"has-text-color\" style=\"color:#aa8110\"><a href=\"http:\/\/kiralyszentistvan.hu\/data\/onkormanyzat\/KT_ulesek\/2022\/20221122_4-13_eloter.pdf\">2022.11.22 KT \u00fcl\u00e9s el\u0151terjeszt\u00e9s 4-13. r\u00e9sz<\/a><\/p>\n\n\n\n<p class=\"has-text-color\" style=\"color:#aa8110\"><a href=\"http:\/\/kiralyszentistvan.hu\/data\/onkormanyzat\/KT_ulesek\/2022\/20221122_14-18_eloter.pdf\">2022.11.22 KT \u00fcl\u00e9s el\u0151terjeszt\u00e9s 14-18. r\u00e9sz<\/a><\/p>\n\n\n\n<p class=\"has-text-color\" style=\"color:#aa8110\"><a href=\"http:\/\/kiralyszentistvan.hu\/data\/onkormanyzat\/KT_ulesek\/2022\/20221129_JKV.pdf\">2022.11.19 K\u00f6zmeghallgat\u00e1s JKV<\/a><\/p>\n","protected":false},"excerpt":{"rendered":"<p>A jegyz\u0151k\u00f6nyvek&nbsp; megnyit\u00e1s\u00e1hoz&nbsp; sz\u00fcks\u00e9ges ingyenes program let\u00f6lthet\u0151 innen. (Foxit Reader) vagy innen (Adobe Reader) 2022. janu\u00e1r 25. KT \u00fcl\u00e9s 2022. Febru\u00e1r 28. KT \u00fcl\u00e9s 2022. \u00c1prilis 12. rendk\u00edv\u00fcli KT \u00fcl\u00e9s 2022.05.17. KT<a class=\"moretag\" href=\"https:\/\/www.kiralyszentistvan.hu\/kiraly\/2022-evi-kepviselo-testuleti-ules\/\">Tov\u00e1bbi inform\u00e1ci\u00f3\u2026<\/a><\/p>\n","protected":false},"author":1,"featured_media":0,"parent":0,"menu_order":0,"comment_status":"closed","ping_status":"closed","template":"","meta":{"footnotes":""},"class_list":["post-285","page","type-page","status-publish","hentry"],"featured_image_src":null,"featured_image_src_square":null,"_links":{"self":[{"href":"https:\/\/www.kiralyszentistvan.hu\/kiraly\/wp-json\/wp\/v2\/pages\/285","targetHints":{"allow":["GET"]}}],"collection":[{"href":"https:\/\/www.kiralyszentistvan.hu\/kiraly\/wp-json\/wp\/v2\/pages"}],"about":[{"href":"https:\/\/www.kiralyszentistvan.hu\/kiraly\/wp-json\/wp\/v2\/types\/page"}],"author":[{"embeddable":true,"href":"https:\/\/www.kiralyszentistvan.hu\/kiraly\/wp-json\/wp\/v2\/users\/1"}],"replies":[{"embeddable":true,"href":"https:\/\/www.kiralyszentistvan.hu\/kiraly\/wp-json\/wp\/v2\/comments?post=285"}],"version-history":[{"count":25,"href":"https:\/\/www.kiralyszentistvan.hu\/kiraly\/wp-json\/wp\/v2\/pages\/285\/revisions"}],"predecessor-version":[{"id":455,"href":"https:\/\/www.kiralyszentistvan.hu\/kiraly\/wp-json\/wp\/v2\/pages\/285\/revisions\/455"}],"wp:attachment":[{"href":"https:\/\/www.kiralyszentistvan.hu\/kiraly\/wp-json\/wp\/v2\/media?parent=285"}],"curies":[{"name":"wp","href":"https:\/\/api.w.org\/{rel}","templated":true}]}}