{"id":28,"date":"2017-08-26T15:43:08","date_gmt":"2017-08-26T15:43:08","guid":{"rendered":"http:\/\/www.kiralyszentistvan.hu\/kiraly\/?page_id=28"},"modified":"2025-03-08T05:32:43","modified_gmt":"2025-03-08T05:32:43","slug":"onkormanyzat","status":"publish","type":"page","link":"https:\/\/www.kiralyszentistvan.hu\/kiraly\/onkormanyzat\/","title":{"rendered":"\u00d6nkorm\u00e1nyzat"},"content":{"rendered":"\n<p><strong>A k\u00e9pvisel\u0151-test\u00fclet tagjai:<\/strong><br>K\u0151szegi Ilona polg\u00e1rmester<br>Di\u00f3szegi Imola Katalin alpolg\u00e1rmester<br>K\u0151szegi Mira k\u00e9pvisel\u0151<br>Szab\u00f3 M\u00e1rta k\u00e9pvisel\u0151<br>Feh\u00e9ri Edit k\u00e9pvisel\u0151<\/p>\n\n\n\n<p><strong>Lit\u00e9ri K\u00f6z\u00f6s \u00d6nkorm\u00e1nyzati Hivatal<\/strong><br>C\u00edm: 8196 Lit\u00e9r, \u00c1lmos u. 37.<br>Telefonsz\u00e1m: +3688\/598-010<br>Fax: +3688\/598-016<br>E-mail: liter@liter.hu<\/p>\n\n\n\n<p><strong>Jegyz\u0151 Bencze \u00c9va<\/strong> 06 88 598-023 <a href=\"mailto:korjegyzo@liter.hu\">korjegyzo@liter.hu<\/a><br><strong>Ad\u00f3 Magas Borb\u00e1la<\/strong> 06 88 598-012 <a href=\"mailto:ado@liter.hu\">ado@liter.hu<\/a><br><strong>Igazgat\u00e1s (szoci\u00e1lis, anyak\u00f6nyv) Ujv\u00e1ri-Kov\u00e1cs Zsuzsa<\/strong> 06 88 598-013 <a href=\"szocialis@liter.hu\">szoci\u00e1lis@liter.hu<\/a><br><strong>Igazgat\u00e1s (hagyat\u00e9k) Zavada Mih\u00e1lyn\u00e9<\/strong> 06 88 598-015 <a href=\"mailto:igazgatas@liter.hu\">igazgatas@liter.hu<\/a><br><strong>Polg\u00e1rmesteri referens Keresztes Ariel<\/strong> 06 88 598-014 <a href=\"mailto:referens@liter.hu\">referens@liter.hu<\/a><br><strong>Titk\u00e1rs\u00e1g Medve Marianna<\/strong> 06 88 598-016 <a href=\"mailto:liter@liter.hu\">liter@liter.hu<\/a><br><strong>P\u00e9nz\u00fcgy (analitika) Horv\u00e1th Ren\u00e1ta Enik\u0151<\/strong> 06 88 598-020 <a href=\"mailto:analitika@liter.hu\">analitika@liter.hu<\/a><br><strong>P\u00e9nz\u00fcgy (k\u00f6nyvel\u00e9s) Moln\u00e1rn\u00e9 G\u00e1sp\u00e1r Orsolya<\/strong> 06 88 598-024 <a href=\"mailto:fokonyv@liter.hu\">fokonyv@liter.hu<\/a><br><strong>P\u00e9nz\u00fcgy (utal\u00e1s) Szamosin\u00e9 Cs\u00e9nyi Anett<\/strong> 06 88 598-025 <a href=\"mailto:penzugy@liter.hu\">penzugy@liter.hu<\/a><br><strong>P\u00e9nz\u00fcgyi vezet\u0151 N\u00e9methyn\u00e9 Brand J\u00falia<\/strong> 06 88 598-026 <a href=\"mailto:penzugyivezeto@liter.hu\">penzugyivezeto@liter.hu<\/a><br><strong>Kirendelts\u00e9g Zavada Mih\u00e1lyn\u00e9<\/strong> 06 88 589-921 <a href=\"mailto:hivatal.kiralyszentistvan@gmail.com\">hivatal.kiralyszentistvan@gmail.com<\/a><\/p>\n","protected":false},"excerpt":{"rendered":"<p>A k\u00e9pvisel\u0151-test\u00fclet tagjai:K\u0151szegi Ilona polg\u00e1rmesterDi\u00f3szegi Imola Katalin alpolg\u00e1rmesterK\u0151szegi Mira k\u00e9pvisel\u0151Szab\u00f3 M\u00e1rta k\u00e9pvisel\u0151Feh\u00e9ri Edit k\u00e9pvisel\u0151 Lit\u00e9ri K\u00f6z\u00f6s \u00d6nkorm\u00e1nyzati HivatalC\u00edm: 8196 Lit\u00e9r, \u00c1lmos u. 37.Telefonsz\u00e1m: +3688\/598-010Fax: +3688\/598-016E-mail: liter@liter.hu Jegyz\u0151 Bencze \u00c9va 06 88 598-023<a class=\"moretag\" href=\"https:\/\/www.kiralyszentistvan.hu\/kiraly\/onkormanyzat\/\">Tov\u00e1bbi inform\u00e1ci\u00f3\u2026<\/a><\/p>\n","protected":false},"author":1,"featured_media":0,"parent":0,"menu_order":0,"comment_status":"closed","ping_status":"closed","template":"","meta":{"footnotes":""},"class_list":["post-28","page","type-page","status-publish","hentry"],"featured_image_src":null,"featured_image_src_square":null,"_links":{"self":[{"href":"https:\/\/www.kiralyszentistvan.hu\/kiraly\/wp-json\/wp\/v2\/pages\/28","targetHints":{"allow":["GET"]}}],"collection":[{"href":"https:\/\/www.kiralyszentistvan.hu\/kiraly\/wp-json\/wp\/v2\/pages"}],"about":[{"href":"https:\/\/www.kiralyszentistvan.hu\/kiraly\/wp-json\/wp\/v2\/types\/page"}],"author":[{"embeddable":true,"href":"https:\/\/www.kiralyszentistvan.hu\/kiraly\/wp-json\/wp\/v2\/users\/1"}],"replies":[{"embeddable":true,"href":"https:\/\/www.kiralyszentistvan.hu\/kiraly\/wp-json\/wp\/v2\/comments?post=28"}],"version-history":[{"count":7,"href":"https:\/\/www.kiralyszentistvan.hu\/kiraly\/wp-json\/wp\/v2\/pages\/28\/revisions"}],"predecessor-version":[{"id":817,"href":"https:\/\/www.kiralyszentistvan.hu\/kiraly\/wp-json\/wp\/v2\/pages\/28\/revisions\/817"}],"wp:attachment":[{"href":"https:\/\/www.kiralyszentistvan.hu\/kiraly\/wp-json\/wp\/v2\/media?parent=28"}],"curies":[{"name":"wp","href":"https:\/\/api.w.org\/{rel}","templated":true}]}}