{"id":26,"date":"2017-08-26T15:42:01","date_gmt":"2017-08-26T15:42:01","guid":{"rendered":"http:\/\/www.kiralyszentistvan.hu\/kiraly\/?page_id=26"},"modified":"2025-03-08T05:43:01","modified_gmt":"2025-03-08T05:43:01","slug":"kozerdeku-informaciok","status":"publish","type":"page","link":"https:\/\/www.kiralyszentistvan.hu\/kiraly\/kozerdeku-informaciok\/","title":{"rendered":"K\u00f6z\u00e9rdek\u00fc inform\u00e1c\u00ed\u00f3k"},"content":{"rendered":"\n<p><strong>Lit\u00e9ri k\u00f6z\u00f6s \u00f6nkorm\u00e1nyzati hivatal:<\/strong><\/p>\n\n\n\n<p>C\u00edm: 8196 Lit\u00e9r, \u00c1lmos u. 37.<br>Telefonsz\u00e1m: +3688\/598-010<br>Fax: +3688\/598-016<br>E-mail: <a href=\"mailto:liter@liter.hu\">liter@liter.hu<\/a><\/p>\n\n\n\n<p><strong>Lit\u00e9ri K\u00f6z\u00f6s \u00d6nkorm\u00e1nyzati Hivatal<\/strong> &#8211; <strong>Kir\u00e1lyszentistv\u00e1ni Kirendelts\u00e9g<\/strong><\/p>\n\n\n\n<p>Zavada Mih\u00e1lyn\u00e9 kirendelts\u00e9gvezet\u0151<br>C\u00edm: 8195 Kir\u00e1lyszentistv\u00e1n, F\u0151 u. 32-34.<br>Telefonsz\u00e1m: +3688\/589-921<br>Fax: +3688\/589-920<br>E-mail: <a href=\"mailto:hivatal.kiralyszentistvan@gmail.com\">hivatal.kiralyszentistvan@gmail.com<\/a><\/p>\n\n\n\n<p>\u00dcgyf\u00e9lfogad\u00e1si rend:<\/p>\n\n\n\n<p>h\u00e9tf\u0151\u00a0\u00a0\u00a0\u00a0\u00a0\u00a0\u00a0\u00a0 8:00 &#8211; 12:00\u00a0\u00a0\u00a0\u00a0\u00a0 \u00e9s\u00a0\u00a0\u00a0\u00a0 12:30 &#8211; 15:00 \u00f3r\u00e1ig<br>kedd\u00a0\u00a0\u00a0\u00a0\u00a0\u00a0\u00a0\u00a0 8:00 &#8211; 12:00\u00a0\u00a0\u00a0\u00a0\u00a0 \u00e9s\u00a0\u00a0\u00a0\u00a0 12:30 &#8211; 15:00 \u00f3r\u00e1ig<br>szerda\u00a0\u00a0\u00a0\u00a0\u00a0 \u00fcgyf\u00e9lfogad\u00e1s nincs<br>cs\u00fct\u00f6rt\u00f6k\u00a0 8:00 &#8211; 12:00\u00a0\u00a0\u00a0\u00a0 \u00e9s\u00a0\u00a0\u00a0\u00a0\u00a0 12:30 &#8211; 14:00 \u00f3r\u00e1ig<br>p\u00e9ntek\u00a0\u00a0\u00a0\u00a0\u00a0 \u00fcgyf\u00e9lfogad\u00e1s nincs<\/p>\n\n\n\n<p>Polg\u00e1rmester fogad\u00f3napja:<br>cs\u00fct\u00f6rt\u00f6k * El\u0151zetes id\u0151pont-egyeztet\u00e9s alapj\u00e1n<\/p>\n\n\n\n<p>Jegyz\u0151 fogad\u00f3napja:<br>kedd*\u00a0\u00a0\u00a0\u00a0\u00a0\u00a0\u00a0\u00a0 8:00 &#8211; 15:00 \u00f3r\u00e1ig (Kir\u00e1lyszentistv\u00e1non)<br>cs\u00fct\u00f6rt\u00f6k\u00a0\u00a0\u00a0 8:00 &#8211; 15:00 \u00f3r\u00e1ig (Lit\u00e9ren) * El\u0151zetes id\u0151pont-egyeztet\u00e9s alapj\u00e1n<\/p>\n\n\n\n<p><strong>K\u0151szegi Ilona polg\u00e1rmester<\/strong><br>Telefonsz\u00e1m: +3630-952-1771<br>E-mail:&nbsp;<a href=\"mailto:hivatal.kiralyszentistvan@gmail.com\">hivatal.kiralyszentistvan@gmail.com<\/a><\/p>\n\n\n\n<p><strong>Faluh\u00e1z (k\u00f6nyvt\u00e1r):<\/strong><br>C\u00edm: 8195 Kir\u00e1lyszentistv\u00e1n, F\u0151 u. 32-34.<br>K\u00f6nyvt\u00e1ros: Di\u00f3szegi Imola<br>Telefonsz\u00e1m: +36 70 379 1355<br>E-mail:\u00a0<a class=\"mailto\" href=\"mailto:kiszti.konyvtar@gmail.com\">kiralyszentistvan.konyvtar@gmail.com<\/a><br>Nyitva tart\u00e1s:<br>Kedd: 16:00 &#8211; 20:00<br>P\u00e9ntek: 16:00 &#8211; 20:00<\/p>\n\n\n\n<p><strong>K\u00f6z\u00f6ss\u00e9gi t\u00e9r:<\/strong><br>Nyitva tart\u00e1s:<br>Szerda: 15:00 &#8211; 19:00<br>Cs\u00fct\u00f6rt\u00f6k: 16:00 &#8211; 20:00<br>Szombat: 09:00 &#8211; 13:00<\/p>\n\n\n\n<p><strong>H\u00e1ziorvosi rendel\u0151<\/strong><br>8195 Kir\u00e1lyszentistv\u00e1n, F\u0151 u. 32-34.<br>H\u00e1ziorvos: Dr. Horv\u00e1th Bal\u00e1zs<br>Telefon: +3688\/434-910<br>E-mail:&nbsp;<a class=\"mailto\" href=\"mailto:internist@invitel.hu\">internist@invitel.hu<\/a><br>Rendel\u00e9si id\u0151:<br>H\u00e9tf\u0151, Szerda, P\u00e9ntek: 7.45 \u2013 8.45 \u00f3ra<br>Kedd, Cs\u00fct\u00f6rt\u00f6k: 13.45 \u2013 14.45 \u00f3ra<\/p>\n\n\n\n<p><strong>V\u00e9d\u0151n\u0151i szolg\u00e1lat<\/strong><br>Veszpr\u00e9m V\u00e1rmegyei Csolnoky Ferenc K\u00f3rh\u00e1z V\u00e9d\u0151n\u0151i Szolg\u00e1lat<br>\u00dajv\u00e1ri Attil\u00e1n\u00e9<br>Ter\u00fcleti v\u00e9d\u0151n\u0151<br>Telefonsz\u00e1m: +36 30\/ 462-2307<br>E-mail c\u00edm: <a href=\"mailto:liter.vedono@vmkorhaz.hu\">liter.vedono@vmkorhaz.hu<\/a><\/p>\n\n\n\n<p><strong>Csivitel\u0151 \u00d3voda \u00e9s B\u00f6lcs\u0151de<\/strong><br>8196 Lit\u00e9r, \u00c1rp\u00e1d u. 2.<br>Int\u00e9zm\u00e9nyvezet\u0151: Radovitsn\u00e9 Horv\u00e1th Marianna<br>Telefon: +3688\/598-355<br>E-mail: csivitelo@invitel.hu<\/p>\n\n\n\n<p><strong>Lit\u00e9ri Reform\u00e1tus \u00c1ltal\u00e1nos Iskola<\/strong><br>8196 Lit\u00e9r, Pet\u0151fi u. 8.<br>Igazgat\u00f3: Gyenes Viktor<br>Telefon: +3688\/588-021, +3688\/588-020<br>E-mail:&nbsp;<a class=\"mailto\" href=\"mailto:literiskola@gmail.com\">literiskola@gmail.com<\/a><br>Web: www.arpad-liter.hu<\/p>\n\n\n\n<p><strong>Fog\u00e1szati alapell\u00e1t\u00e1s<\/strong><br>Dr Kirk\u00f3sa Katalin<br>Veszpr\u00e9m, Cholnoky J. u. 4\/A<br>tel.: 06\/88\/423-060<br><strong>Rendel\u00e9si id\u0151:<\/strong><br>H, Sz: 8-14<br>K,CS: 13-19<br>P p\u00e1ros h\u00e9t: 8-14<br>P p\u00e1ratlan h\u00e9t: 13-19<\/p>\n\n\n\n<p><strong>Fogszab\u00e1lyoz\u00e1si szakell\u00e1t\u00e1s<\/strong><br>Dr. Erd\u00e9lyi \u00c1rp\u00e1d Fog\u00e1szati Praxis Kft.<br>8200 Veszpr\u00e9m, Stadion u. 21.<br>Telefon: 410-335<br>Rendel\u00e9si id\u0151:<br>Kedd, Szerda: 8.00 &#8211; 20.00 \u00f3ra<br>Cs\u00fct\u00f6rt\u00f6k: 8.00 &#8211; 14.00 \u00f3ra<\/p>\n\n\n\n<p><strong>K\u00f6rzeti megb\u00edzott <\/strong><br>N\u00e9meth Zolt\u00e1n r.ft\u0151rm , telefon : +3630\/3721106<\/p>\n\n\n\n<p><strong>\u00c1llatorvos<\/strong><br>Dr. Zolt\u00e1n Levente<br>Telefon: +3670-436-50-79<\/p>\n\n\n\n<p><strong>Okm\u00e1nyiroda (Balatonf\u0171zf\u0151)<\/strong><br>8184 Balatonf\u0171zf\u0151, Nike krt. 1.<br>Telefon: +3688\/596-900<\/p>\n\n\n\n<p><strong>\u00c9p\u00edt\u00e9s\u00fcgy<\/strong><br>Veszpr\u00e9m V\u00e1rmegyei Korm\u00e1nyhivatal<br>\u00c9p\u00edt\u00e9s\u00fcgyi \u00e9s \u00d6r\u00f6ks\u00e9gv\u00e9delmi Oszt\u00e1ly<br>8230 Balatonf\u00fcred, Kossuth u. 26.<br>Tel.: 06\/87\/795-077<br>email: balatonfured.epitesugy@veszprem.gov.hu<\/p>\n\n\n\n<p><strong>Bendola Csal\u00e1dseg\u00edt\u0151 Szolg\u00e1lat<\/strong><br>Szalai Attila szakmai vezet\u0151<br>Telefon: +3630\/256-33-65<\/p>\n\n\n\n<p><strong>Hullad\u00e9kgy\u0171jt\u00e9s \u00e9s sz\u00e1ll\u00edt\u00e1s<br>Balatonalm\u00e1di Kommun\u00e1lis \u00e9s Szolg\u00e1ltat\u00f3 Nonprofit Kft.<\/strong><br>\u00dcgyf\u00e9lszolg\u00e1lat:<br>8220 Balatonalm\u00e1di, R\u00e1k\u00f3czi u. 43.<br>Telefon: +3688 \/ 438 &#8211; 688<br>Fax: +3688 \/ 438 &#8211; 843<\/p>\n\n\n\n<p><strong>Iv\u00f3v\u00edz \u00e9s szennyv\u00edz szolg\u00e1ltat\u00e1s<br>Bakonykarszt Zrt.<\/strong><\/p>\n\n\n\n<figure class=\"wp-block-table\"><table class=\"has-fixed-layout\"><tbody><tr><th colspan=\"3\">V\u00e1rpalotai \u00dczemm\u00e9rn\u00f6ks\u00e9g<\/th><\/tr><tr><td colspan=\"2\">8100 V\u00e1rpalota, P\u00e9ti \u00fat 1.<br>Telefon: (88) 411-141<br>Telefax: (88) 471-444<\/td><td>Hegyi Zolt\u00e1n<br>\u00fczemm\u00e9rn\u00f6ks\u00e9gvezet\u0151 f\u0151m\u00e9rn\u00f6k<\/td><\/tr><tr><td colspan=\"2\">&nbsp;<\/td><td>Fliegh&nbsp;M\u00e1t\u00e9csatornaszolg\u00e1ltat\u00e1si \u00fczemvezet\u0151<\/td><\/tr><tr><td colspan=\"2\">Hibabejelent\u00e9s (24 \u00f3r\u00e1s \u00fcgyelet)<\/td><td>Tel: (88) 425-498&nbsp; 3.&nbsp;men\u00fcpont&nbsp; &nbsp; &nbsp; &nbsp;(88)&nbsp;411-141&nbsp; 3.5 men\u00fcpont<\/td><\/tr><tr><td colspan=\"2\">\u00dcgyf\u00e9lszolg\u00e1lati fi\u00f3kiroda&nbsp;nyitvatart\u00e1sa:<\/td><td>V\u00e1rpalota, P\u00e9ti \u00fat 1.<\/td><\/tr><tr><td>H\u00e9tf\u0151:<\/td><td>8:00 &#8211; 18:00<\/td><td>Nagy Elek<\/td><\/tr><tr><td>Kedd:<\/td><td>8:00 &#8211; 14:00<\/td><td>m\u0171szaki \u00fcgyint\u00e9z\u0151<\/td><\/tr><tr><td>Szerda:<\/td><td>8:00 &#8211; 14:00<\/td><td>Skobrics Istv\u00e1nn\u00e9, L\u0151rincz Rita<\/td><\/tr><tr><td>Cs\u00fct\u00f6rt\u00f6k:<\/td><td>8:00 &#8211; 14:00<\/td><td>\u00fcgyf\u00e9lszolg\u00e1lat<\/td><\/tr><tr><td>P\u00e9ntek:<\/td><td>&nbsp; &nbsp;8:00 &#8211; 14:00 &nbsp;&nbsp;<\/td><\/tr><\/tbody><\/table><\/figure>\n\n\n\n<p><strong>K\u00e1beltelev\u00edzi\u00f3<br>Pr-Telecom<\/strong><br>8175 Balatonf\u0171zf\u0151, J\u00f3zsef Attila u. 12.<br>Telefon: 1231<\/p>\n\n\n\n<p><strong>Falugazd\u00e1sz<\/strong><br>Makrai Merc\u00e9desz  06 30\/679-7387<br><\/p>\n\n\n\n<p><strong>Katasztr\u00f3fa helyzet eset\u00e9n \u00e9rtes\u00edtend\u0151:<br>K\u0151szegi Ilona polg\u00e1rmester<br>8195 Kir\u00e1lyszentistv\u00e1n, F\u0151 u. 54.<br>Telefon: +3630\/952-1771<\/strong><\/p>\n","protected":false},"excerpt":{"rendered":"<p>Lit\u00e9ri k\u00f6z\u00f6s \u00f6nkorm\u00e1nyzati hivatal: C\u00edm: 8196 Lit\u00e9r, \u00c1lmos u. 37.Telefonsz\u00e1m: +3688\/598-010Fax: +3688\/598-016E-mail: liter@liter.hu Lit\u00e9ri K\u00f6z\u00f6s \u00d6nkorm\u00e1nyzati Hivatal &#8211; Kir\u00e1lyszentistv\u00e1ni Kirendelts\u00e9g Zavada Mih\u00e1lyn\u00e9 kirendelts\u00e9gvezet\u0151C\u00edm: 8195 Kir\u00e1lyszentistv\u00e1n, F\u0151 u. 32-34.Telefonsz\u00e1m: +3688\/589-921Fax: +3688\/589-920E-mail: hivatal.kiralyszentistvan@gmail.com \u00dcgyf\u00e9lfogad\u00e1si<a class=\"moretag\" href=\"https:\/\/www.kiralyszentistvan.hu\/kiraly\/kozerdeku-informaciok\/\">Tov\u00e1bbi inform\u00e1ci\u00f3\u2026<\/a><\/p>\n","protected":false},"author":1,"featured_media":0,"parent":0,"menu_order":0,"comment_status":"closed","ping_status":"closed","template":"","meta":{"footnotes":""},"class_list":["post-26","page","type-page","status-publish","hentry"],"featured_image_src":null,"featured_image_src_square":null,"_links":{"self":[{"href":"https:\/\/www.kiralyszentistvan.hu\/kiraly\/wp-json\/wp\/v2\/pages\/26","targetHints":{"allow":["GET"]}}],"collection":[{"href":"https:\/\/www.kiralyszentistvan.hu\/kiraly\/wp-json\/wp\/v2\/pages"}],"about":[{"href":"https:\/\/www.kiralyszentistvan.hu\/kiraly\/wp-json\/wp\/v2\/types\/page"}],"author":[{"embeddable":true,"href":"https:\/\/www.kiralyszentistvan.hu\/kiraly\/wp-json\/wp\/v2\/users\/1"}],"replies":[{"embeddable":true,"href":"https:\/\/www.kiralyszentistvan.hu\/kiraly\/wp-json\/wp\/v2\/comments?post=26"}],"version-history":[{"count":19,"href":"https:\/\/www.kiralyszentistvan.hu\/kiraly\/wp-json\/wp\/v2\/pages\/26\/revisions"}],"predecessor-version":[{"id":820,"href":"https:\/\/www.kiralyszentistvan.hu\/kiraly\/wp-json\/wp\/v2\/pages\/26\/revisions\/820"}],"wp:attachment":[{"href":"https:\/\/www.kiralyszentistvan.hu\/kiraly\/wp-json\/wp\/v2\/media?parent=26"}],"curies":[{"name":"wp","href":"https:\/\/api.w.org\/{rel}","templated":true}]}}