{"id":226,"date":"2021-10-31T07:07:21","date_gmt":"2021-10-31T07:07:21","guid":{"rendered":"http:\/\/www.kiralyszentistvan.hu\/kiraly\/?page_id=226"},"modified":"2021-10-31T08:01:05","modified_gmt":"2021-10-31T08:01:05","slug":"rendeletek","status":"publish","type":"page","link":"https:\/\/www.kiralyszentistvan.hu\/kiraly\/rendeletek\/","title":{"rendered":"Rendeletek"},"content":{"rendered":"\n\t\t\t\t\t\t\t<h3 style=\"margin-bottom:20px ;display:block;width:100%;margin-top:10px\">Rendeletek <\/h3>\r\n\t\t\t\t\t\t\t\t<style>\r\n\t\t\t\t\r\n\t\t\t\t\t#tab_container_229 {\r\n\toverflow:hidden;\r\n\tdisplay:block;\r\n\twidth:100%;\r\n\tborder:0px solid #ddd;\r\n\tmargin-bottom:30px;\r\n\t}\r\n\r\n#tab_container_229 .tab-content{\r\n\tpadding:20px;\r\n\tborder: 1px solid #e6e6e6 !important;\r\n\tmargin-top: 0px;\r\n\tbackground-color:#ffffff !important;\r\n\tcolor: #000000 !important;\r\n\tfont-size:16px !important;\r\n\tfont-family: Georgia !important;\r\n\t\r\n\t\tborder: 1px solid #e6e6e6 !important;\r\n\t}\r\n#tab_container_229 .wpsm_nav-tabs {\r\n    border-bottom: 0px solid #ddd;\r\n}\r\n#tab_container_229 .wpsm_nav-tabs > li.active > a, #tab_container_229 .wpsm_nav-tabs > li.active > a:hover, #tab_container_229 .wpsm_nav-tabs > li.active > a:focus {\r\n\tcolor: #ffffff !important;\r\n\tcursor: default;\r\n\tbackground-color: #916f00 !important;\r\n\tborder: 1px solid #785600 !important;\r\n}\r\n\r\n#tab_container_229 .wpsm_nav-tabs > li > a {\r\n    margin-right: 0px !important; \r\n    line-height: 1.42857143 !important;\r\n    border: 1px solid #d5d5d5 !important;\r\n    border-radius: 0px 0px 0 0 !important; \r\n\tbackground-color: #e8e8e8 !important;\r\n\tcolor: #916f00 !important;\r\n\tpadding: 15px 18px 15px 18px !important;\r\n\ttext-decoration: none !important;\r\n\tfont-size: 14px !important;\r\n\ttext-align:center !important;\r\n\tfont-family: Georgia !important;\r\n}\r\n#tab_container_229 .wpsm_nav-tabs > li > a:focus {\r\noutline: 0px !important;\r\n}\r\n\r\n#tab_container_229 .wpsm_nav-tabs > li > a:before {\r\n\tdisplay:none !important;\r\n}\r\n#tab_container_229 .wpsm_nav-tabs > li > a:after {\r\n\tdisplay:none !important ;\r\n}\r\n#tab_container_229 .wpsm_nav-tabs > li{\r\npadding:0px !important ;\r\nmargin:0px;\r\n}\r\n\r\n#tab_container_229 .wpsm_nav-tabs > li > a:hover , #tab_container_229 .wpsm_nav-tabs > li > a:focus {\r\n    color: #916f00 !important;\r\n    background-color: #e8e8e8 !important;\r\n\tborder: 1px solid #d5d5d5 !important;\r\n\t\r\n}\r\n#tab_container_229 .wpsm_nav-tabs > li > a .fa{\r\n\r\nmargin-right:5px !important;\r\n\r\nmargin-left:5px !important;\r\n\r\n\r\n}\r\n\r\n\t\t#tab_container_229 .wpsm_nav-tabs a{\r\n\t\t\tbackground-image: url(https:\/\/www.kiralyszentistvan.hu\/kiraly\/wp-content\/plugins\/tabs-responsive\/assets\/images\/style-soft.png);\r\n\t\t\tbackground-position: 0 0;\r\n\t\t\tbackground-repeat: repeat-x;\r\n\t\t}\r\n\t\t\t\r\n\r\n\r\n#tab_container_229 .wpsm_nav-tabs > li {\r\n    float: left;\r\n    margin-bottom: -1px !important;\r\n\tmargin-right:0px !important; \r\n}\r\n\r\n\r\n#tab_container_229 .tab-content{\r\noverflow:hidden !important;\r\n}\r\n\r\n\r\n@media (min-width: 769px) {\r\n\r\n\t#tab_container_229 .wpsm_nav-tabs > li{\r\n\t\tfloat:left !important ;\r\n\t\t\t\tmargin-right:-1px !important;\r\n\t\t\t\t\t}\r\n\t#tab_container_229 .wpsm_nav-tabs{\r\n\t\tfloat:none !important;\r\n\t\tmargin:0px !important;\r\n\t}\r\n\r\n\t#tab_container_229 .wpsm_nav-tabs > li {\r\n\t\t\t\t\r\n\t}\r\n\t#tab_container_229 .wpsm_nav{\r\n\t\t\t}\r\n\r\n}\r\n\r\n\r\n\r\n@media (max-width: 768px) {\r\n\t#tab_container_229 .wpsm_nav-tabs > li {\r\n\t\t\t\t\r\n\t}\r\n\t#tab_container_229 .wpsm_nav{\r\n\t\t\t}\r\n}\r\n\r\n\r\n\t.wpsm_nav-tabs li:before{\r\n\t\tdisplay:none !important;\r\n\t}\r\n\r\n\t@media (max-width: 768px) {\r\n\t\t\t\t\r\n\t\t\t\t.wpsm_nav-tabs{\r\n\t\t\tmargin-left:0px !important;\r\n\t\t\tmargin-right:0px !important; \r\n\t\t\t\r\n\t\t}\r\n\t\t\t\t#tab_container_229 .wpsm_nav-tabs > li{\r\n\t\t\tfloat:none !important;\r\n\t\t}\r\n\t\t\t\r\n\t}\t\t\t\t<\/style>\r\n\t\t\t\t<div id=\"tab_container_229\" >\r\n\t \r\n\t\t\t\t\t<ul class=\"wpsm_nav wpsm_nav-tabs\" role=\"tablist\" id=\"myTab_229\">\r\n\t\t\t\t\t\t\t\r\n\t\t\t\t\t\t\t<li role=\"presentation\"  class=\"active\"  onclick=\"do_resize()\">\r\n\t\t\t\t\t\t\t\t<a href=\"#tabs_desc_229_1\" aria-controls=\"tabs_desc_229_1\" role=\"tab\" data-toggle=\"tab\">\r\n\t\t\t\t\t\t\t\t\t\r\n\t\t\t\t\t\t\t\t\t\t\t\t\t\t\t\t\t\t\t\t\t\t\t\t\t\t\t\t\t\t\t<i class=\"fa fa-folder-open\"><\/i> \t\t\t\t\t\t\t\t\t\t\t\t\t\t\t\t\t\t\t\r\n\t\t\t\t\t\t\t\t\t\t\t\t\t\t\t\t\t\t\r\n\t\t\t\t\t\t\t\t\t<span>Kihirdetett rendeletek<\/span>\r\n\t\t\t\t\t\t\t\t\t\r\n\t\t\t\t\t\t\t\t\t\t\t\t\t\t\t\t\t\t\r\n\t\t\t\t\t\t\t\t\t\t\t\t\t\t\t\t\t\t\t\t\r\n\t\t\t\t\t\t\t\t\t\r\n\t\t\t\t\t\t\t\t<\/a>\r\n\t\t\t\t\t\t\t<\/li>\r\n\t\t\t\t\t\t\t\r\n\t\t\t\t\t\t\t<li role=\"presentation\"  onclick=\"do_resize()\">\r\n\t\t\t\t\t\t\t\t<a href=\"#tabs_desc_229_2\" aria-controls=\"tabs_desc_229_2\" role=\"tab\" data-toggle=\"tab\">\r\n\t\t\t\t\t\t\t\t\t\r\n\t\t\t\t\t\t\t\t\t\t\t\t\t\t\t\t\t\t\t\t\t\t\t\t\t\t\t\t\t\t\t<i class=\"fa fa-folder-open-o\"><\/i> \t\t\t\t\t\t\t\t\t\t\t\t\t\t\t\t\t\t\t\r\n\t\t\t\t\t\t\t\t\t\t\t\t\t\t\t\t\t\t\r\n\t\t\t\t\t\t\t\t\t<span>Arh\u00edv rendeletek<\/span>\r\n\t\t\t\t\t\t\t\t\t\r\n\t\t\t\t\t\t\t\t\t\t\t\t\t\t\t\t\t\t\r\n\t\t\t\t\t\t\t\t\t\t\t\t\t\t\t\t\t\t\t\t\r\n\t\t\t\t\t\t\t\t\t\r\n\t\t\t\t\t\t\t\t<\/a>\r\n\t\t\t\t\t\t\t<\/li>\r\n\t\t\t\t\t\t\t\t\t\t\t <\/ul>\r\n\r\n\t\t\t\t\t  <!-- Tab panes -->\r\n\t\t\t\t\t  <div class=\"tab-content\" id=\"tab-content_229\">\r\n\t\t\t\t\t\t\t\t\t\t\t\t <div role=\"tabpanel\" class=\"tab-pane  in active \" id=\"tabs_desc_229_1\">\r\n\t\t\t\t\t\t\t\t<pre><a href=\"https:\/\/kiralyszentistvan.hu\/data\/onkormanyzat\/rendeletek\/2024\/Teritesi_dij_rendelet_2024.pdf\">T\u00e9r\u00edt\u00e9si d\u00edj rendelet 2024 <\/a>\r\n<a href=\"http:\/\/www.kiralyszentistvan.hu\/ckiszti\/sites\/default\/files\/onkormanyzat\/rendeletek\/2013\/2012-10-Kiszti-Vagyonrenelet.doc\">Vagyonrendelet<\/a>\r\n<a href=\"http:\/\/kiralyszentistvan.hu\/data\/onkormanyzat\/rendeletek\/2023\/IPA-rend_2023.pdf\">Ipar\u0171z\u00e9si ad\u00f3r\u00f3l sz\u00f3l\u00f3 rendelet<\/a>\r\n<a href=\"https:\/\/kiralyszentistvan.hu\/data\/onkormanyzat\/rendeletek\/2025\/Koztisztvis_Illetmenykieg_9-2025_rendelet.pdf\">K\u00f6ztisztvisel\u0151k illetm\u00e9nykieg\u00e9sz\u00edt\u00e9se 2025<\/a>\r\n<a href=\"http:\/\/www.kiralyszentistvan.hu\/ckiszti\/sites\/default\/files\/onkormanyzat\/rendeletek\/2016\/12_korny_ved_2016-2.pdf\">K\u00f6rnyezetv\u00e9delmi rendelet<\/a>\r\n<a href=\"https:\/\/kiralyszentistvan.hu\/data\/onkormanyzat\/rendeletek\/2024\/Anyakonyvi_rendelet_2024.pdf\">Anyak\u00f6nyvi rendelet 2024<\/a>\r\n<a href=\"https:\/\/kiralyszentistvan.hu\/data\/onkormanyzat\/rendeletek\/2024\/Teritesi_dij_rendelet_2024.pdf\">Talajterhel\u00e9si d\u00edjr\u00f3l sz\u00f3l\u00f3 rendelet 2024<\/a>\r\n<a href=\"http:\/\/kiralyszentistvan.hu\/data\/onkormanyzat\/rendeletek\/2023\/Kozmuvelodes_2023.pdf\">K\u00f6zm\u0171vel\u0151d\u00e9si rendelet<\/a>\r\n<a href=\"http:\/\/www.kiralyszentistvan.hu\/ckiszti\/sites\/default\/files\/onkormanyzat\/rendeletek\/2013\/2013-28-Keszpenzben-teljesitheto-kiadasok-esetei-%26-ert-hat.doc\">K\u00e9szp\u00e9nzben teljes\u00edthet\u0151 kiad\u00e1sok, eseteir\u0151l \u00e9s \u00e9rt\u00e9khat\u00e1r\u00e1r\u00f3l.<\/a>\r\n<a href=\"https:\/\/kiralyszentistvan.hu\/data\/onkormanyzat\/rendeletek\/2024\/Hulladekgazdalkodas_2024.pdf\">Hullad\u00e9ksz\u00e1ll\u00edt\u00e1si rendelet 2016 egys\u00e9ges szerkezetben<\/a>\r\n<a href=\"https:\/\/kiralyszentistvan.hu\/data\/onkormanyzat\/rendeletek\/2024\/SZMSZ_2024.pdf\">SzMSz<\/a>\r\n<a href=\"https:\/\/kiralyszentistvan.hu\/data\/onkormanyzat\/rendeletek\/2024\/Kozteruletek_elnevezese_2024.pdf\">K\u00f6zter\u00fclet elnevez\u00e9se<\/a>\r\n<a href=\"https:\/\/kiralyszentistvan.hu\/data\/onkormanyzat\/rendeletek\/2025\/Kozszolg_tisztvis._Illetmenyalap_10-2025_rendelet.pdf\">K\u00f6zszolg\u00e1lati tisztvisel\u0151k Illetm\u00e9nyalapja<\/a>\r\n<a href=\"http:\/\/www.kiralyszentistvan.hu\/data\/onkormanyzat\/rendeletek\/2017\/34_Helyi-nepszavazas.pdf\">Helyi n\u00e9pszavaz\u00e1s<\/a>\r\n<a href=\"http:\/\/kiralyszentistvan.hu\/data\/onkormanyzat\/rendeletek\/2023\/KTV_2023.pdf\">K\u00f6lts\u00e9gvet\u00e9si rendelet<\/a>\r\n<a href=\"http:\/\/kiralyszentistvan.hu\/data\/onkormanyzat\/rendeletek\/2023\/telepuleskepi_rend.pdf\">Telep\u00fcl\u00e9sk\u00e9pi rendelet<\/a>\r\n<a href=\"http:\/\/kiralyszentistvan.hu\/data\/onkormanyzat\/rendeletek\/2023\/civilszervezetek.pdf\">Civilszervezetek t\u00e1mogat\u00e1sa<\/a>\r\n<a href=\"http:\/\/kiralyszentistvan.hu\/data\/onkormanyzat\/rendeletek\/2023\/epitmenyado.pdf\">\u00c9p\u00edtm\u00e9nyad\u00f3 rendelet<\/a>\r\n<a href=\"http:\/\/kiralyszentistvan.hu\/data\/onkormanyzat\/rendeletek\/2023\/eu_alapellatas.pdf\">Eg\u00e9szs\u00e9g\u00fcgyi alapell\u00e1t\u00e1s<\/a>\r\n<a href=\"http:\/\/kiralyszentistvan.hu\/data\/onkormanyzat\/rendeletek\/2023\/helyicimer.pdf\">Helyi c\u00edmer, z\u00e1szl\u00f3, pecs\u00e9t, d\u00edszjelv\u00e9ny alap\u00edt\u00e1s\u00e1r\u00f3l <\/a>\r\n<a href=\"https:\/\/kiralyszentistvan.hu\/data\/onkormanyzat\/rendeletek\/2024\/Onkormanyzati_kepviselok_tisztelet_dija_2024.pdf\">K\u00e9pvisel\u0151k tiszteletd\u00edja<\/a> \r\n<a href=\"http:\/\/kiralyszentistvan.hu\/data\/onkormanyzat\/rendeletek\/2023\/kozter_filmforg.pdf\">K\u00f6zter\u00fcletek filmforgat\u00e1sc\u00e9l\u00fa haszn\u00e1lat\u00e1r\u00f3l<\/a> \r\n<a href=\"http:\/\/kiralyszentistvan.hu\/data\/onkormanyzat\/rendeletek\/2023\/koztiszt_jutalmazas.pdf\">K\u00f6ztisztvisel\u0151k jutalmaz\u00e1sa<\/a>\r\n<a href=\"http:\/\/kiralyszentistvan.hu\/data\/onkormanyzat\/rendeletek\/2023\/koztiszt_kozszolg.pdf\">K\u00f6ztisztvisel\u0151k k\u00f6zszolg\u00e1lati jogviszonya<\/a>\r\n<a href=\"http:\/\/kiralyszentistvan.hu\/data\/onkormanyzat\/rendeletek\/2023\/koztiszviselok_napja.pdf\">K\u00f6ztisztvisel\u0151k napja<\/a>\r\n<a href=\"http:\/\/kiralyszentistvan.hu\/data\/onkormanyzat\/rendeletek\/2023\/onk_hatosagi_ugyek.pdf\">\u00d6nkorm\u00e1nyzati hat\u00f3s\u00e1gi \u00fcgyek int\u00e9z\u00e9se<\/a> \r\n<a href=\"https:\/\/kiralyszentistvan.hu\/data\/onkormanyzat\/rendeletek\/2026\/5-2026%28II.12%29%20rendelet-%20partnersegi.pdf\">Partners\u00e9gi egyeztet\u00e9s szab\u00e1lyai<\/a>\r\n<a href=\"http:\/\/kiralyszentistvan.hu\/data\/onkormanyzat\/rendeletek\/2023\/szenyvizbejujtes.pdf\">H\u00e1ztart\u00e1si szennyv\u00edz begy\u0171jt\u00e9se\r\n<\/a><a href=\"https:\/\/kiralyszentistvan.hu\/data\/onkormanyzat\/rendeletek\/2024\/Szoc_rend_2024.pdf\">Szoci\u00e1lis rendelet 2024<\/a>\r\n<a href=\"http:\/\/kiralyszentistvan.hu\/data\/onkormanyzat\/rendeletek\/2023\/temeto_rend.pdf\">Temet\u0151 rendelet<\/a>\r\n<a href=\"https:\/\/kiralyszentistvan.hu\/data\/onkormanyzat\/rendeletek\/2026\/2-2026%28I.30%29%20-%207-2021%28V.28%29%20rendelet%20mod.pdf\">Szem\u00e9lyes gondoskod\u00e1s 2026<\/a>\r\n<a href=\"http:\/\/kiralyszentistvan.hu\/data\/onkormanyzat\/rendeletek\/2023\/telepuleskepi_rend.pdf\">Telep\u00fcl\u00e9sk\u00e9pi rendelet<\/a>\r\n<a href=\"http:\/\/www.kiralyszentistvan.hu\/kiraly\/wp-content\/uploads\/2024\/09\/20240920.pdf\">V\u00e1ltoztat\u00e1si, telekelad\u00e1si \u00e9s \u00e9p\u00edt\u00e9si tilalom elrendel\u00e9s\u00e9r\u0151l<\/a>\r\n<a href=\"https:\/\/kiralyszentistvan.hu\/data\/onkormanyzat\/rendeletek\/2024\/Kozteruletek-hasznalatarol-2024.pdf\">K\u00f6zter\u00fcletek haszn\u00e1lat\u00e1r\u00f3l<\/a>\r\n<a href=\"https:\/\/kiralyszentistvan.hu\/data\/onkormanyzat\/rendeletek\/2026\/2026evi%20koltsegvetes%203-2026%28II.13%29.pdf\">K\u00f6lts\u00e9gvet\u00e9si rendelet 2026<\/a><\/pre>\t\t\t\t\t\t <\/div>\r\n\t\t\t\t\t\t\t\t\t\t\t\t <div role=\"tabpanel\" class=\"tab-pane \" id=\"tabs_desc_229_2\">\r\n\t\t\t\t\t\t\t\t<pre><a href=\"https:\/\/kiralyszentistvan.hu\/data\/onkormanyzat\/rendeletek\/2024\/Illetmenyalap_2024.pdf\">K\u00f6zszolg\u00e1lati tisztvisel\u0151k Illetm\u00e9nyalapja 2024<\/a>\r\n<a href=\"\/\/kiralyszentistvan.hu\/data\/onkormanyzat\/rendeletek\/2024\/Szemelyes_gondoskodas_2024.pdf\">Szem\u00e9lyes gondoskod\u00e1s 2024<\/a>\r\n<a href=\"http:\/\/kiralyszentistvan.hu\/data\/onkormanyzat\/rendeletek\/2023\/partnersegi.pdf\">Partners\u00e9gi egyeztet\u00e9s szab\u00e1lyai<\/a>\r\n<\/pre>\r\n\u00a0\t\t\t\t\t\t <\/div>\r\n\t\t\t\t\t\t\t\r\n\t\t\t\t\t <\/div>\r\n\t\t\t\t\t \r\n\t\t\t\t <\/div>\r\n <script>\r\n\t\tjQuery(function () {\r\n\t\t\tjQuery('#myTab_229 a:first').tab('show')\r\n\t\t});\r\n\t\t\r\n\t\t\t\tjQuery(function(){\r\n\t\t\tvar b=\"fadeIn\";\r\n\t\t\tvar c;\r\n\t\t\tvar a;\r\n\t\t\td(jQuery(\"#myTab_229 a\"),jQuery(\"#tab-content_229\"));function d(e,f,g){\r\n\t\t\t\te.click(function(i){\r\n\t\t\t\t\ti.preventDefault();\r\n\t\t\t\t\tjQuery(this).tab(\"show\");\r\n\t\t\t\t\tvar h=jQuery(this).data(\"easein\");\r\n\t\t\t\t\tif(c){c.removeClass(a);}\r\n\t\t\t\t\tif(h){f.find(\"div.active\").addClass(\"animated \"+h);a=h;}\r\n\t\t\t\t\telse{if(g){f.find(\"div.active\").addClass(\"animated \"+g);a=g;}else{f.find(\"div.active\").addClass(\"animated \"+b);a=b;}}c=f.find(\"div.active\");\r\n\t\t\t\t});\r\n\t\t\t}\r\n\t\t});\r\n\t\t\r\n\r\n\t\tfunction do_resize(){\r\n\r\n\t\t\tvar width=jQuery( '.tab-content .tab-pane iframe' ).width();\r\n\t\t\tvar height=jQuery( '.tab-content .tab-pane iframe' ).height();\r\n\r\n\t\t\tvar toggleSize = true;\r\n\t\t\tjQuery('iframe').animate({\r\n\t\t\t    width: toggleSize ? width : 640,\r\n\t\t\t    height: toggleSize ? height : 360\r\n\t\t\t  }, 250);\r\n\r\n\t\t\t  toggleSize = !toggleSize;\r\n\t\t}\r\n\r\n\r\n\t<\/script>\r\n\t\t\t\t\r\n\t\t\t\n","protected":false},"excerpt":{"rendered":"","protected":false},"author":1,"featured_media":0,"parent":0,"menu_order":0,"comment_status":"closed","ping_status":"closed","template":"","meta":{"footnotes":""},"class_list":["post-226","page","type-page","status-publish","hentry"],"featured_image_src":null,"featured_image_src_square":null,"_links":{"self":[{"href":"https:\/\/www.kiralyszentistvan.hu\/kiraly\/wp-json\/wp\/v2\/pages\/226","targetHints":{"allow":["GET"]}}],"collection":[{"href":"https:\/\/www.kiralyszentistvan.hu\/kiraly\/wp-json\/wp\/v2\/pages"}],"about":[{"href":"https:\/\/www.kiralyszentistvan.hu\/kiraly\/wp-json\/wp\/v2\/types\/page"}],"author":[{"embeddable":true,"href":"https:\/\/www.kiralyszentistvan.hu\/kiraly\/wp-json\/wp\/v2\/users\/1"}],"replies":[{"embeddable":true,"href":"https:\/\/www.kiralyszentistvan.hu\/kiraly\/wp-json\/wp\/v2\/comments?post=226"}],"version-history":[{"count":4,"href":"https:\/\/www.kiralyszentistvan.hu\/kiraly\/wp-json\/wp\/v2\/pages\/226\/revisions"}],"predecessor-version":[{"id":234,"href":"https:\/\/www.kiralyszentistvan.hu\/kiraly\/wp-json\/wp\/v2\/pages\/226\/revisions\/234"}],"wp:attachment":[{"href":"https:\/\/www.kiralyszentistvan.hu\/kiraly\/wp-json\/wp\/v2\/media?parent=226"}],"curies":[{"name":"wp","href":"https:\/\/api.w.org\/{rel}","templated":true}]}}