{"id":21,"date":"2017-08-26T15:39:50","date_gmt":"2017-08-26T15:39:50","guid":{"rendered":"http:\/\/www.kiralyszentistvan.hu\/kiraly\/?page_id=21"},"modified":"2017-08-26T15:48:15","modified_gmt":"2017-08-26T15:48:15","slug":"cimer","status":"publish","type":"page","link":"https:\/\/www.kiralyszentistvan.hu\/kiraly\/cimer\/","title":{"rendered":"C\u00edmer"},"content":{"rendered":"<p style=\"text-align: justify;\">A c\u00edmer a k\u00f6z\u00e9pkori fegyverhaszn\u00e1laton alapul\u00f3 olyan, legt\u00f6bbsz\u00f6r pajzs alak\u00fa, bizonyos szab\u00e1lyok szerint meghat\u00e1rozott sz\u00ednekb\u0151l \u00e9s alakokb\u00f3l form\u00e1lt jelv\u00e9ny, szimb\u00f3lum, melyet mag\u00e1nszem\u00e9lyek vagy test\u00fcletek ismertet\u0151, megk\u00fcl\u00f6nb\u00f6ztet\u0151 jelk\u00e9nt haszn\u00e1ltak. A c\u00edmer \u00f6r\u00f6k\u00f6lhet\u0151. Test\u00fcleti, telep\u00fcl\u00e9si c\u00edmerekn\u00e9l az \u00e1lland\u00f3sult haszn\u00e1lat helyettes\u00edti az \u00f6r\u00f6kl\u00e9st.<br \/>\nA c\u00edmerekkel foglalkoz\u00f3 t\u00f6rt\u00e9neti seg\u00e9dtudom\u00e1ny a heraldika.<br \/>\nAzonban nem minden jelk\u00e9p c\u00edmer is egy\u00fattal. Hogy valamely jelk\u00e9p c\u00edmernek legyen tekinthet\u0151, elengedhetetlen, hogy pajzsba legyen foglalva, mind form\u00e1j\u00e1ban, mind sz\u00edneiben meg legyen hat\u00e1rozva. E meghat\u00e1rozotts\u00e1g biztos\u00edtja nemzed\u00e9keken, t\u00f6rt\u00e9nelmi korokon \u00e1t\u00edvel\u0151 \u00e1lland\u00f3s\u00e1g\u00e1t, elfogadotts\u00e1g\u00e1t, elismerts\u00e9g\u00e9t.<br \/>\nA c\u00edmertan a k\u00f6z\u00f6ss\u00e9gi c\u00edmerek k\u00f6zt tartja sz\u00e1mon a telep\u00fcl\u00e9s c\u00edmereket.<br \/>\nHaz\u00e1nkban ugyan a XIII-XIV.sz\u00e1zadt\u00f3l ismeretesek helyi c\u00edmerek, a kutat\u00f3i \u00e9s c\u00edmeralkot\u00f3i tev\u00e9kenys\u00e9ghez szinte kiz\u00e1r\u00f3lag a kisz\u00e1m\u00edthatatlan esetlegess\u00e9ggel fennmaradt pecs\u00e9tlenyomatokon el\u0151fordul\u00f3 c\u00edmerp\u00e9ld\u00e1nyok jelentik a kiindul\u00f3 pontot.<br \/>\nA k\u00f6zs\u00e9g els\u0151 eml\u00edt\u00e9se 1488-b\u00f3l val\u00f3. A falun\u00e9v els\u0151 magyar kir\u00e1lyunk nev\u00e9nek az eml\u00e9ke. B\u00e1r mint a legkor\u00e1bbr\u00f3l fennmaradt lenyomatokb\u00f3l l\u00e1tszik, pecs\u00e9tj\u00e9re a paraszti falvakra jellemz\u0151en ekevasat, csoroszly\u00e1t \u00e9s gabonasz\u00e1lakat v\u00e9stek, a c\u00edmermeg\u00faj\u00edt\u00e1s sor\u00e1n az \u00f6nkorm\u00e1nyzat sz\u00e1nd\u00e9ka szerint a magyar \u00e1llamis\u00e1ghoz s egyszersmind Szent Istv\u00e1nhoz rokon\u00edthat\u00f3 jelk\u00e9pek ker\u00fcltek a k\u00f6zs\u00e9g \u00faj c\u00edmer\u00e9be megtartv\u00e1n a gabonasz\u00e1lakat, melyek a keny\u00e9rre (annak k\u00f6zkelet\u0171 jelent\u00e9startalm\u00e1n t\u00fal), az \u00daj keny\u00e9r \u00fcnnep\u00e9re utalva kit\u0171n\u0151en illenek a Szent Istv\u00e1n-i szimbolik\u00e1ba. (augusztus 20.)<br \/>\nAz \u00e1llamc\u00edmer eg\u00e9sz\u00e9nek vagy egyes elemeinek felhaszn\u00e1l\u00e1sa v\u00e1rosi c\u00edmerekn\u00e9l Eur\u00f3pa szerte ismeretes a n\u00e9met birodalmi sast\u00f3l az osztr\u00e1k p\u00f3ly\u00e1s c\u00edmeren \u00e1t eg\u00e9szen a cseh, vagy angol oroszl\u00e1nokig.<br \/>\nMagyarorsz\u00e1gon a legr\u00e9gebbi c\u00edmer\u00e1br\u00e1zol\u00e1sok k\u00f6z\u00fcl Buda \u00e9s Esztergom \u00e9rempecs\u00e9tein fordulnak el\u0151. Mindkett\u0151n az \u00c1rp\u00e1dok v\u00e1g\u00e1sos pajzsa van az egyik oldalon.<br \/>\nKir\u00e1lyszentistv\u00e1n meg\u00faj\u00edtott c\u00edmer\u00e9nek \u00faj elemei a t\u00f6rt\u00e9nelemben<br \/>\nA pajzs<br \/>\nC\u00edmer nem l\u00e9tezhet pajzs n\u00e9lk\u00fcl! A c\u00edmer latin (arma), n\u00e9met (wappen) \u00e9s angol (arm) nevei egy\u00e9rtelm\u0171 utal\u00e1sok, hogy a c\u00edmerk\u00e9pek eredend\u0151en mindig fegyveren, jeles\u00fcl pajzson szerepeltek. A pajzs alakja a t\u00f6rt\u00e9nelem folyam\u00e1n gyakran v\u00e1ltozott a fegyverhaszn\u00e1latnak s a divatnak t\u00fckr\u00e9ben. Heraldikai pajzson azt a pajzsot \u00e9rtj\u00fck, mely c\u00edmermez\u0151\u00fcl szolg\u00e1l, \u00e9s c\u00edmerk\u00e9p van rajta. A c\u00edmerpajzs legr\u00e9gebbi alakja a h\u00e1romsz\u00f6g pajzs. A legkor\u00e1bbi magyarorsz\u00e1gi c\u00edmeres pecs\u00e9tlenyomatokon is rendre ez szerepel. Nem puszt\u00e1n heraldikai pajzs, a val\u00f3s\u00e1gban is haszn\u00e1lt\u00e1k.<br \/>\nA kett\u0151skereszt<br \/>\nA kir\u00e1lyi hatalom jelv\u00e9nye a XI. sz\u00e1zadt\u00f3l a kereszt volt. Eur\u00f3pa szerte, \u00edgy a magyar kir\u00e1lys\u00e1gban is, az egyszer\u0171 keresztet haszn\u00e1lt\u00e1k. (A XI. sz\u00e1zadban k\u00e9sz\u00fclt koron\u00e1z\u00e1si pal\u00e1ston is ilyen kereszt l\u00e1that\u00f3.)<br \/>\nHaz\u00e1nk legr\u00e9gebbi c\u00edmeres eml\u00e9k\u00e9n, III. B\u00e9la kir\u00e1ly 1190 t\u00e1j\u00e1n vert p\u00e9nz\u00e9n m\u00e1r megjelenik a kett\u0151s kereszt. Ekkor azonban m\u00e9g nem \u00f6r\u00f6kl\u0151d\u00f6tt tov\u00e1bb, illetve tart\u00f3s haszn\u00e1lata sem bizony\u00edtott. Eredete a kir\u00e1ly biz\u00e1nci neveltet\u00e9s\u00e9vel, a biz\u00e1nci udvarn\u00e1l t\u00f6lt\u00f6tt ifj\u00fakor\u00e1val magyar\u00e1zhat\u00f3. Ott ismerte meg a kett\u0151skereszt haszn\u00e1lat\u00e1t, s hazat\u00e9rve \u00e1tvette a biz\u00e1nci cs\u00e1sz\u00e1rok jelv\u00e9ny\u00e9t, amely \u201ecsup\u00e1n\u201d a korl\u00e1tlan hatalmat jelk\u00e9pezte, nem egyh\u00e1zi-vall\u00e1si szimb\u00f3lum.<br \/>\nA kett\u0151skereszt pajzsra emelve legel\u0151sz\u00f6r IV. B\u00e9la tat\u00e1rj\u00e1r\u00e1s el\u0151tti pecs\u00e9tj\u00e9n l\u00e1that\u00f3, s innen kezd\u0151d\u0151en v\u00e1lik a magyar c\u00edmer \u00e1lland\u00f3 r\u00e9sz\u00e9v\u00e9, eg\u00e9szen napjainkig. A kett\u0151skereszt az \u00c1rp\u00e1dok s\u00e1vjaihoz hasonl\u00f3an szint\u00e9n sz\u00e1mos v\u00e1ros c\u00edmer\u00e9ben el\u0151fordul. Legkor\u00e1bbr\u00f3l L\u0151cse, \u00e9s Z\u00f3lyom v\u00e1ros\u00e1n\u00e1l.<br \/>\n\u00c9rdemes megjegyezni \u2013 utal\u00e1sul Kir\u00e1lyszentistv\u00e1n pecs\u00e9tj\u00e9re \u2013, hogy Berz\u00e9te \u00e9s Szelepcs\u00e9ny XVI. sz\u00e1zadi c\u00edmer\u00e9ben a kett\u0151skereszt oldal\u00e1n csoroszlya \u00e9s p\u00f6r\u00f6ly, illetve csoroszlya \u00e9s ekevas tal\u00e1lhat\u00f3.<br \/>\nA h\u00e1rmas halom<br \/>\nA kett\u0151skereszt a legkor\u00e1bbi \u00e1br\u00e1zol\u00e1sain lebegve, talapzat n\u00e9lk\u00fcl figyelhet\u0151 meg. A h\u00e1rmas halom a XIV. sz\u00e1zad dereka \u00f3ta \u00e1lland\u00f3sul a kett\u0151s kereszt alatt. Legkor\u00e1bbi eml\u00e9k\u00fcnk, amin l\u00e1that\u00f3, Nagy Lajos kir\u00e1ly p\u00e9nze, illetve els\u0151 pecs\u00e9tje. Alkalmaz\u00e1sa beleillik a hazai heraldika term\u00e9szetess\u00e9gre t\u00f6rekv\u0151 st\u00edlus\u00e1ba, mely a lebeg\u0151 c\u00edmeralakokat sosem kedvelte. Szimbolik\u00e1ja is egyszer\u0171, megjelen\u00e9se idej\u00e9n mind\u00f6ssze a talajt jelezte, amin a kereszt \u00e1llt.<br \/>\nA XVII. sz\u00e1zadra eluralkod\u00f3 szeml\u00e9let, mely az \u00e1llamc\u00edmerben az orsz\u00e1g ter\u00fclet\u00e9t v\u00e9lte l\u00e1ttatni, a v\u00f6r\u00f6s-ez\u00fcst v\u00e1g\u00e1sokat k\u00f6vet\u0151en (Duna, Tisza, Dr\u00e1va, Sz\u00e1va) a h\u00e1rmas halomnak is \u00fajszer\u0171 \u00e9rtelmez\u00e9st adott: A korabeli heraldikai irodalom m\u00e1r a T\u00e1tr\u00e1t, F\u00e1tr\u00e1t, s a M\u00e1tr\u00e1t \u00e9rti a h\u00e1rmas hegyen, s ez a szimbolika fennmaradt napjainkig.<br \/>\nA h\u00e1rmas halom k\u00f6z\u00e9ps\u0151 k\u00fapj\u00e1n l\u00e9v\u0151 leveles korona, mint a kett\u0151s kereszt alapja, a XVI. sz\u00e1zadban jutott v\u00e9glegesen c\u00edmer\u00fcnkbe.<br \/>\nKir\u00e1lyszentistv\u00e1n meg\u00faj\u00edtott jelk\u00e9pei<br \/>\nA c\u00edmer le\u00edr\u00e1sa:<br \/>\nArany szeg\u00e9j\u0171 h\u00e1romsz\u00f6g pajzs k\u00e9k mezej\u00e9ben z\u00f6ld h\u00e1rmas halomnak leveles aranykoron\u00e1s kiemelked\u0151 k\u00f6z\u00e9ps\u0151 r\u00e9sz\u00e9n \u00e1ll\u00f3 arany, talpas kett\u0151s kereszt egy-egy egym\u00e1st sz\u00e1rukn\u00e1l metsz\u0151 arany b\u00fazasz\u00e1llal \u00f6vezve.<br \/>\nA pajzs sz\u00e9less\u00e9g\u00e9nek \u00e9s magass\u00e1g\u00e1nak ar\u00e1nya: 7: 8, a szeg\u00e9ly sz\u00e9less\u00e9ge 1\/5 egys\u00e9g<br \/>\nSz\u00ednei: arany (PANTONE 871c), k\u00e9k (PANTONE 293c), z\u00f6ld (PANTONE 3415c)<br \/>\nA k\u00f6zs\u00e9g z\u00e1szlaja:<br \/>\nA z\u00e1szl\u00f3 ar\u00e1nya 3: 2<br \/>\nSz\u00edne: v\u00edzszintesen egyenl\u0151 ar\u00e1nyban megosztva fel\u00fcl arany, alul k\u00e9k<br \/>\nA c\u00edmert a r\u00fadt\u00f3l m\u00e9rt 1\/3 t\u00e1vols\u00e1ghoz kell helyezni. C\u00e9lszer\u0171 a c\u00edmert a szebb megjelen\u00e9s \u00e9rdek\u00e9ben a z\u00e1szl\u00f3n k\u00e9kkel zsin\u00f3rozni.<br \/>\nKir\u00e1lyszentistv\u00e1n sz\u00ednei: arany \u00e9s k\u00e9k<br \/>\nEgysz\u00edn\u0171 \u00e1br\u00e1zol\u00e1sn\u00e1l az al\u00e1bbi, Petra Sancta \u00e9s de la Colombi\u00e8re &#8211; f\u00e9le m\u00f3dszert kell<br \/>\na sz\u00ednek jelz\u00e9s\u00e9re haszn\u00e1lni.<\/p>\n<p>:::::::::::::::::::::::::::::::::<\/p>\n<p>:::::::::::::::::::::::::::::::::<\/p>\n<p>:::::::::::::::::::::::::::::::::<\/p>\n<p>:::::::::::::::::::::::::::::::::<\/p>\n<p>:::::::::::::::::::::::::::::::::<\/p>\n<p style=\"text-align: justify;\">K\u00e9k z\u00f6ld fekete arany<br \/>\nA jelk\u00e9phaszn\u00e1lat szab\u00e1lyoz\u00e1sa<br \/>\nA k\u00f6zs\u00e9g jelk\u00e9peinek, c\u00edmer\u00e9nek z\u00e1szlaj\u00e1nak haszn\u00e1lat\u00e1t az \u00e9rv\u00e9nyes jogszab\u00e1lyoknak megfelel\u0151en kell meghat\u00e1rozni. Ennek f\u0151bb t\u00e9telei: az \u00e1llami jelk\u00e9pek els\u0151bbs\u00e9g\u00e9nek biztos\u00edt\u00e1sa, a k\u00f6zs\u00e9gi jelk\u00e9pek haszn\u00e1lat\u00e1nak megenged\u00e9se, illet\u00e9k fej\u00e9ben val\u00f3 enged\u00e9lyez\u00e9se, esetenk\u00e9nti bejelent\u00e9si k\u00f6telezetts\u00e9g, tilt\u00e1s.<br \/>\nA r\u00e9szletes szab\u00e1lyoz\u00e1shoz mintak\u00e9nt javasoljuk a hasonl\u00f3 t\u00e1rgy\u00fa megyei rendeletet.<\/p>\n<p style=\"text-align: center;\"><img loading=\"lazy\" decoding=\"async\" class=\"aligncenter size-medium wp-image-22\" src=\"https:\/\/www.kiralyszentistvan.hu\/kiraly\/wp-content\/uploads\/2017\/08\/Kiszti-c\u00edmer-262x300.png\" alt=\"\" width=\"262\" height=\"300\" \/><\/p>\n<p>Felhaszn\u00e1lt irodalom:<br \/>\n\u00c1ld\u00e1sy Antal: C\u00edmertan. Budapest, 1923.<br \/>\nB\u00e1rczay Oszk\u00e1r: A heraldika k\u00e9zik\u00f6nyve. Budapest, 1897.<br \/>\nBert\u00e9nyi Iv\u00e1n: Kis magyar c\u00edmertan. Budapest, 1983.<br \/>\nIv\u00e1nfi Ede: Magyarorsz\u00e1g c\u00edmerei. 1869.<br \/>\nKubinyi Andr\u00e1s: Az \u00e1llamc\u00edmer elemei k\u00f6z\u00e9pkori v\u00e1rosaink c\u00edmereiben. 1989.<br \/>\nSomfai Bal\u00e1zs: Nagyal\u00e1sony k\u00f6zs\u00e9g jelk\u00e9pei. 1997.<br \/>\nSz\u00e9kely Gy\u00f6rgy: A kett\u0151s kereszt \u00fatja Biz\u00e1nct\u00f3l a latin Eur\u00f3p\u00e1ba. 1989<\/p>\n","protected":false},"excerpt":{"rendered":"<p>A c\u00edmer a k\u00f6z\u00e9pkori fegyverhaszn\u00e1laton alapul\u00f3 olyan, legt\u00f6bbsz\u00f6r pajzs alak\u00fa, bizonyos szab\u00e1lyok szerint meghat\u00e1rozott sz\u00ednekb\u0151l \u00e9s alakokb\u00f3l form\u00e1lt jelv\u00e9ny, szimb\u00f3lum, melyet mag\u00e1nszem\u00e9lyek vagy test\u00fcletek ismertet\u0151, megk\u00fcl\u00f6nb\u00f6ztet\u0151 jelk\u00e9nt haszn\u00e1ltak. A c\u00edmer \u00f6r\u00f6k\u00f6lhet\u0151. Test\u00fcleti,<a class=\"moretag\" href=\"https:\/\/www.kiralyszentistvan.hu\/kiraly\/cimer\/\">Tov\u00e1bbi inform\u00e1ci\u00f3\u2026<\/a><\/p>\n","protected":false},"author":1,"featured_media":0,"parent":0,"menu_order":0,"comment_status":"closed","ping_status":"closed","template":"","meta":{"footnotes":""},"class_list":["post-21","page","type-page","status-publish","hentry"],"featured_image_src":null,"featured_image_src_square":null,"_links":{"self":[{"href":"https:\/\/www.kiralyszentistvan.hu\/kiraly\/wp-json\/wp\/v2\/pages\/21","targetHints":{"allow":["GET"]}}],"collection":[{"href":"https:\/\/www.kiralyszentistvan.hu\/kiraly\/wp-json\/wp\/v2\/pages"}],"about":[{"href":"https:\/\/www.kiralyszentistvan.hu\/kiraly\/wp-json\/wp\/v2\/types\/page"}],"author":[{"embeddable":true,"href":"https:\/\/www.kiralyszentistvan.hu\/kiraly\/wp-json\/wp\/v2\/users\/1"}],"replies":[{"embeddable":true,"href":"https:\/\/www.kiralyszentistvan.hu\/kiraly\/wp-json\/wp\/v2\/comments?post=21"}],"version-history":[{"count":2,"href":"https:\/\/www.kiralyszentistvan.hu\/kiraly\/wp-json\/wp\/v2\/pages\/21\/revisions"}],"predecessor-version":[{"id":37,"href":"https:\/\/www.kiralyszentistvan.hu\/kiraly\/wp-json\/wp\/v2\/pages\/21\/revisions\/37"}],"wp:attachment":[{"href":"https:\/\/www.kiralyszentistvan.hu\/kiraly\/wp-json\/wp\/v2\/media?parent=21"}],"curies":[{"name":"wp","href":"https:\/\/api.w.org\/{rel}","templated":true}]}}