{"id":208,"date":"2021-10-31T06:27:37","date_gmt":"2021-10-31T06:27:37","guid":{"rendered":"http:\/\/www.kiralyszentistvan.hu\/kiraly\/?page_id=208"},"modified":"2022-05-21T04:36:08","modified_gmt":"2022-05-21T04:36:08","slug":"kepviselo-testuleti-ules","status":"publish","type":"page","link":"https:\/\/www.kiralyszentistvan.hu\/kiraly\/kepviselo-testuleti-ules\/","title":{"rendered":"2021 \u00e9vi k\u00e9pvisel\u0151 test\u00fcleti \u00fcl\u00e9s"},"content":{"rendered":"\n<p><strong>A jegyz\u0151k\u00f6nyvek&nbsp; megnyit\u00e1s\u00e1hoz&nbsp; sz\u00fcks\u00e9ges ingyenes program let\u00f6lthet\u0151 <a rel=\"noreferrer noopener\" href=\"http:\/\/www.foxitsoftware.com\/pdf\/rd_intro.php\" target=\"_blank\">innen.<\/a> (Foxit Reader) vagy <a rel=\"noreferrer noopener\" href=\"http:\/\/get.adobe.com\/reader\/\" target=\"_blank\">innen <\/a>(Adobe Reader)<\/strong><\/p>\n\n\n\n<p class=\"has-text-align-left has-text-color has-normal-font-size\" style=\"color:#aa8110\"><a href=\"http:\/\/kiralyszentistvan.hu\/data\/onkormanyzat\/KT_ulesek\/2021\/07-13\/2021-07-13_KT.pdf\">2021. J\u00falius 13. KT \u00fcl\u00e9s<\/a><\/p>\n\n\n\n<p class=\"has-text-color has-normal-font-size\" style=\"color:#aa8110\"><a href=\"http:\/\/kiralyszentistvan.hu\/data\/onkormanyzat\/KT_ulesek\/2021\/07-19\/2021-07-19_KT.pdf\">2021. J\u00falius 19. KT \u00fcl\u00e9s<\/a><\/p>\n\n\n\n<p class=\"has-text-color has-normal-font-size\" style=\"color:#aa8110\"><a href=\"http:\/\/kiralyszentistvan.hu\/data\/onkormanyzat\/KT_ulesek\/2021\/07-29\/2021-07-29_KT.pdf\">2021. J\u00falius 29. KT \u00fcl\u00e9s<\/a><\/p>\n\n\n\n<p class=\"has-text-color has-normal-font-size\" style=\"color:#aa8110\"><a href=\"http:\/\/kiralyszentistvan.hu\/data\/onkormanyzat\/KT_ulesek\/2021\/09-23\/2021-09-23_RK.pdf\"><mark style=\"background-color:rgba(0, 0, 0, 0);color:#aa8110\" class=\"has-inline-color\">2021. Szeptember 23. KT \u00fcl\u00e9s<\/mark><\/a><\/p>\n\n\n\n<p><a href=\"http:\/\/kiralyszentistvan.hu\/data\/onkormanyzat\/KT_ulesek\/2021\/10-28\/2021-10-28_KT.pdf\">2021. Okt\u00f3ber 28. KT \u00fcl\u00e9s<\/a><\/p>\n\n\n\n<p class=\"has-text-color\" style=\"color:#aa8110\"><mark style=\"background-color:rgba(0, 0, 0, 0);color:#aa8110\" class=\"has-inline-color\"><a href=\"http:\/\/kiralyszentistvan.hu\/data\/onkormanyzat\/KT_ulesek\/2021\/11-24\/2021-11-24_kozmeghallgatas.pdf\">2021. November 24. K\u00f6zmeghallgat\u00e1s<\/a><\/mark><\/p>\n\n\n\n<p><a href=\"http:\/\/kiralyszentistvan.hu\/data\/onkormanyzat\/KT_ulesek\/2021\/11-16\/KT_2021-11-16.pdf\"><span style=\"color:#aa8110\" class=\"has-inline-color\">2021. November 16. KT \u00fcl\u00e9s<\/span><\/a><\/p>\n\n\n\n<p class=\"has-text-color\" style=\"color:#ce9c10\"><\/p>\n","protected":false},"excerpt":{"rendered":"<p>A jegyz\u0151k\u00f6nyvek&nbsp; megnyit\u00e1s\u00e1hoz&nbsp; sz\u00fcks\u00e9ges ingyenes program let\u00f6lthet\u0151 innen. (Foxit Reader) vagy innen (Adobe Reader) 2021. J\u00falius 13. KT \u00fcl\u00e9s 2021. J\u00falius 19. KT \u00fcl\u00e9s 2021. J\u00falius 29. KT \u00fcl\u00e9s 2021. Szeptember 23.<a class=\"moretag\" href=\"https:\/\/www.kiralyszentistvan.hu\/kiraly\/kepviselo-testuleti-ules\/\">Tov\u00e1bbi inform\u00e1ci\u00f3\u2026<\/a><\/p>\n","protected":false},"author":1,"featured_media":0,"parent":0,"menu_order":0,"comment_status":"closed","ping_status":"closed","template":"","meta":{"footnotes":""},"class_list":["post-208","page","type-page","status-publish","hentry"],"featured_image_src":null,"featured_image_src_square":null,"_links":{"self":[{"href":"https:\/\/www.kiralyszentistvan.hu\/kiraly\/wp-json\/wp\/v2\/pages\/208","targetHints":{"allow":["GET"]}}],"collection":[{"href":"https:\/\/www.kiralyszentistvan.hu\/kiraly\/wp-json\/wp\/v2\/pages"}],"about":[{"href":"https:\/\/www.kiralyszentistvan.hu\/kiraly\/wp-json\/wp\/v2\/types\/page"}],"author":[{"embeddable":true,"href":"https:\/\/www.kiralyszentistvan.hu\/kiraly\/wp-json\/wp\/v2\/users\/1"}],"replies":[{"embeddable":true,"href":"https:\/\/www.kiralyszentistvan.hu\/kiraly\/wp-json\/wp\/v2\/comments?post=208"}],"version-history":[{"count":11,"href":"https:\/\/www.kiralyszentistvan.hu\/kiraly\/wp-json\/wp\/v2\/pages\/208\/revisions"}],"predecessor-version":[{"id":343,"href":"https:\/\/www.kiralyszentistvan.hu\/kiraly\/wp-json\/wp\/v2\/pages\/208\/revisions\/343"}],"wp:attachment":[{"href":"https:\/\/www.kiralyszentistvan.hu\/kiraly\/wp-json\/wp\/v2\/media?parent=208"}],"curies":[{"name":"wp","href":"https:\/\/api.w.org\/{rel}","templated":true}]}}