{"id":184,"date":"2021-05-02T10:18:51","date_gmt":"2021-05-02T10:18:51","guid":{"rendered":"http:\/\/www.kiralyszentistvan.hu\/kiraly\/?page_id=184"},"modified":"2021-05-02T10:18:51","modified_gmt":"2021-05-02T10:18:51","slug":"onkormanyzati-valasztas-2019","status":"publish","type":"page","link":"https:\/\/www.kiralyszentistvan.hu\/kiraly\/onkormanyzati-valasztas-2019\/","title":{"rendered":"\u00d6nkorm\u00e1nyzati v\u00e1laszt\u00e1s 2019"},"content":{"rendered":"\n<p><a href=\"http:\/\/kiralyszentistvan.hu\/data\/onkormanyzat\/valasztas2019\/ugyfelfogrend.pdf\">\u00dcgyf\u00e9lfogad\u00e1si rend<\/a><\/p>\n\n\n\n<p><a href=\"http:\/\/kiralyszentistvan.hu\/data\/onkormanyzat\/valasztas2019\/valasztasi_ugyelet_2019.pdf\">V\u00e1laszt\u00e1si \u00fcgyelet<\/a><\/p>\n\n\n\n<p><a href=\"http:\/\/kiralyszentistvan.hu\/data\/onkormanyzat\/valasztas2019\/tajekoztatas.pdf\">T\u00e1j\u00e9koztat\u00e1s jel\u00f6ltekr\u0151l<\/a><\/p>\n\n\n\n<p><a href=\"http:\/\/kiralyszentistvan.hu\/data\/onkormanyzat\/valasztas2019\/sorsolas.pdf\">Polg\u00e1rmesterek \u00e9s k\u00e9pvisel\u0151k sorrend sorsol\u00e1sa<\/a><\/p>\n\n\n\n<p><a href=\"http:\/\/kiralyszentistvan.hu\/data\/onkormanyzat\/valasztas2019\/Hatarozat_polgarmester.pdf\">Hat\u00e1rozat polg\u00e1rmesterek<\/a><\/p>\n\n\n\n<p><a href=\"http:\/\/kiralyszentistvan.hu\/data\/onkormanyzat\/valasztas2019\/Hatarozat_egyenilistas.pdf\">Hat\u00e1rozat egy\u00e9ni list\u00e1s<\/a><\/p>\n\n\n\n<p><a href=\"http:\/\/kiralyszentistvan.hu\/data\/onkormanyzat\/valasztas2019\/Onk_valasztas_JKV-k.pdf\">Szavaz\u00f3k\u00f6ri JKV-k<\/a><\/p>\n","protected":false},"excerpt":{"rendered":"<p>\u00dcgyf\u00e9lfogad\u00e1si rend V\u00e1laszt\u00e1si \u00fcgyelet T\u00e1j\u00e9koztat\u00e1s jel\u00f6ltekr\u0151l Polg\u00e1rmesterek \u00e9s k\u00e9pvisel\u0151k sorrend sorsol\u00e1sa Hat\u00e1rozat polg\u00e1rmesterek Hat\u00e1rozat egy\u00e9ni list\u00e1s Szavaz\u00f3k\u00f6ri JKV-k<\/p>\n","protected":false},"author":1,"featured_media":0,"parent":0,"menu_order":0,"comment_status":"closed","ping_status":"closed","template":"","meta":{"footnotes":""},"class_list":["post-184","page","type-page","status-publish","hentry"],"featured_image_src":null,"featured_image_src_square":null,"_links":{"self":[{"href":"https:\/\/www.kiralyszentistvan.hu\/kiraly\/wp-json\/wp\/v2\/pages\/184","targetHints":{"allow":["GET"]}}],"collection":[{"href":"https:\/\/www.kiralyszentistvan.hu\/kiraly\/wp-json\/wp\/v2\/pages"}],"about":[{"href":"https:\/\/www.kiralyszentistvan.hu\/kiraly\/wp-json\/wp\/v2\/types\/page"}],"author":[{"embeddable":true,"href":"https:\/\/www.kiralyszentistvan.hu\/kiraly\/wp-json\/wp\/v2\/users\/1"}],"replies":[{"embeddable":true,"href":"https:\/\/www.kiralyszentistvan.hu\/kiraly\/wp-json\/wp\/v2\/comments?post=184"}],"version-history":[{"count":1,"href":"https:\/\/www.kiralyszentistvan.hu\/kiraly\/wp-json\/wp\/v2\/pages\/184\/revisions"}],"predecessor-version":[{"id":185,"href":"https:\/\/www.kiralyszentistvan.hu\/kiraly\/wp-json\/wp\/v2\/pages\/184\/revisions\/185"}],"wp:attachment":[{"href":"https:\/\/www.kiralyszentistvan.hu\/kiraly\/wp-json\/wp\/v2\/media?parent=184"}],"curies":[{"name":"wp","href":"https:\/\/api.w.org\/{rel}","templated":true}]}}