{"id":18,"date":"2017-08-26T15:33:07","date_gmt":"2017-08-26T15:33:07","guid":{"rendered":"http:\/\/www.kiralyszentistvan.hu\/kiraly\/?page_id=18"},"modified":"2017-08-26T15:33:07","modified_gmt":"2017-08-26T15:33:07","slug":"polgarmesteri-koszonto","status":"publish","type":"page","link":"https:\/\/www.kiralyszentistvan.hu\/kiraly\/polgarmesteri-koszonto\/","title":{"rendered":"Polg\u00e1rmesteri k\u00f6sz\u00f6nt\u0151"},"content":{"rendered":"<p style=\"text-align: justify;\"><img loading=\"lazy\" decoding=\"async\" class=\"alignleft size-medium wp-image-19\" src=\"https:\/\/www.kiralyszentistvan.hu\/kiraly\/wp-content\/uploads\/2017\/08\/polgarmester-210x300.jpg\" alt=\"\" width=\"210\" height=\"300\" srcset=\"https:\/\/www.kiralyszentistvan.hu\/kiraly\/wp-content\/uploads\/2017\/08\/polgarmester-210x300.jpg 210w, https:\/\/www.kiralyszentistvan.hu\/kiraly\/wp-content\/uploads\/2017\/08\/polgarmester-768x1098.jpg 768w, https:\/\/www.kiralyszentistvan.hu\/kiraly\/wp-content\/uploads\/2017\/08\/polgarmester-716x1024.jpg 716w, https:\/\/www.kiralyszentistvan.hu\/kiraly\/wp-content\/uploads\/2017\/08\/polgarmester.jpg 839w\" sizes=\"auto, (max-width: 210px) 100vw, 210px\" \/>Az ir\u00e1ntam tan\u00fas\u00edtott v\u00e9gtelen bizalmuknak k\u00f6sz\u00f6nhet\u0151en, Kir\u00e1lyszentistv\u00e1n K\u00f6zs\u00e9g polg\u00e1rmesterek\u00e9nt k\u00f6sz\u00f6nt\u00f6m \u00d6n\u00f6ket!<br \/>\nK\u00f6sz\u00f6n\u00f6m, hogy ezzel a meggy\u0151z\u0151 t\u00f6bbs\u00e9ggel felhatalmaz\u00e1st adtak a neh\u00e9z d\u00f6nt\u00e9sek meghozatal\u00e1ra, a sz\u00fcks\u00e9ges hat\u00e1rozott l\u00e9p\u00e9sek megt\u00e9tel\u00e9re.<br \/>\nB\u00edzom abban, hogy a k\u00e9pvisel\u0151-test\u00fclettel olyan hat\u00e1rozatokat hozunk, amelyek kiz\u00e1r\u00f3lag a telep\u00fcl\u00e9sen \u00e9l\u0151k \u00e9rdek\u00e9ben sz\u00fcletnek. Szolg\u00e1lhatjuk ezzel \u00d6n\u00f6ket, akiknek a felhatalmaz\u00e1s\u00e1b\u00f3l ker\u00fclt\u00fcnk abba a megtisztel\u0151 helyzetbe, hogy ennek a gy\u00f6ny\u00f6r\u0171 falunak a k\u00e9pvisel\u0151i lehet\u00fcnk.<br \/>\nK\u00e9rem, hogy \u00e9szrev\u00e9teleikkel, javaslataikkal, \u00e9s ha lehet, r\u00e9szv\u00e9tel\u00fckkel seg\u00edts\u00e9k munk\u00e1nkat. T\u00f6rekszem arra, hogy ez a mi munk\u00e1nk a legnagyobb nyilv\u00e1noss\u00e1g bevon\u00e1s\u00e1val t\u00f6rt\u00e9nj\u00e9k, ide \u00e9rtve a k\u00e9pvisel\u0151-test\u00fcletet, a hivatal tev\u00e9kenys\u00e9g\u00e9nek nyilv\u00e1noss\u00e1g\u00e1t.<br \/>\nKir\u00e1lyszentistv\u00e1n a kir\u00e1lyszentistv\u00e1ni emberek\u00e9, nem egy kiv\u00e9telezett sz\u0171k garnit\u00far\u00e1\u00e9, mindny\u00e1junknak felel\u0151ss\u00e9get kell v\u00e1llalnunk a saj\u00e1t ter\u00fclet\u00fcnk\u00f6n, az\u00e9rt hogy ez a mindennapok igazs\u00e1ga legyen. Mindenki egyenl\u0151 jogokkal b\u00edr, \u00e9ljen az illet\u0151 b\u00e1rmely telep\u00fcl\u00e9sr\u00e9szen. Mindenki egyar\u00e1nt felel ugyanakkor az\u00e9rt, hogy megteremtett vagy a term\u00e9szett\u0151l kapott \u00e9rt\u00e9keink ne pusztuljanak el, azokat egy\u00fctt vigy\u00e1zzuk, megbecs\u00fclj\u00fck.<\/p>\n<p style=\"text-align: justify;\"><strong>K\u00edv\u00e1nom mindny\u00e1junknak, hogy j\u00f3l \u00e9rezz\u00fck magunkat Kir\u00e1lyszentistv\u00e1non, a saj\u00e1t kis \u201ehaz\u00e1nkban\u201d.<\/strong><\/p>\n<p style=\"text-align: justify;\">Sok feladat v\u00e1r r\u00e1nk, de hiszem, hogy minden j\u00f3 sz\u00e1nd\u00e9k\u00fa kir\u00e1lyszentistv\u00e1ni \u00f6sszefog\u00e1s\u00e1val az itt \u00e9l\u0151k ereje, tehets\u00e9ge \u00e9s munk\u00e1ja r\u00e9v\u00e9n sikerre vihet\u0151 k\u00f6z\u00f6s \u00fcgy\u00fcnk, telep\u00fcl\u00e9s\u00fcnk tov\u00e1bbi fejl\u0151d\u00e9se.<br \/>\n\u00c9n ennek \u00e9rdek\u00e9ben k\u00edv\u00e1nok dolgozni K\u00e9pvisel\u0151 t\u00e1rsaimmal egy\u00fctt az elk\u00f6vetkezend\u0151 id\u0151ben.<\/p>\n<p style=\"text-align: right;\">\n","protected":false},"excerpt":{"rendered":"<p>Az ir\u00e1ntam tan\u00fas\u00edtott v\u00e9gtelen bizalmuknak k\u00f6sz\u00f6nhet\u0151en, Kir\u00e1lyszentistv\u00e1n K\u00f6zs\u00e9g polg\u00e1rmesterek\u00e9nt k\u00f6sz\u00f6nt\u00f6m \u00d6n\u00f6ket! K\u00f6sz\u00f6n\u00f6m, hogy ezzel a meggy\u0151z\u0151 t\u00f6bbs\u00e9ggel felhatalmaz\u00e1st adtak a neh\u00e9z d\u00f6nt\u00e9sek meghozatal\u00e1ra, a sz\u00fcks\u00e9ges hat\u00e1rozott l\u00e9p\u00e9sek megt\u00e9tel\u00e9re. B\u00edzom abban, hogy a<a class=\"moretag\" href=\"https:\/\/www.kiralyszentistvan.hu\/kiraly\/polgarmesteri-koszonto\/\">Tov\u00e1bbi inform\u00e1ci\u00f3\u2026<\/a><\/p>\n","protected":false},"author":1,"featured_media":0,"parent":0,"menu_order":0,"comment_status":"closed","ping_status":"closed","template":"","meta":{"footnotes":""},"class_list":["post-18","page","type-page","status-publish","hentry"],"featured_image_src":null,"featured_image_src_square":null,"_links":{"self":[{"href":"https:\/\/www.kiralyszentistvan.hu\/kiraly\/wp-json\/wp\/v2\/pages\/18","targetHints":{"allow":["GET"]}}],"collection":[{"href":"https:\/\/www.kiralyszentistvan.hu\/kiraly\/wp-json\/wp\/v2\/pages"}],"about":[{"href":"https:\/\/www.kiralyszentistvan.hu\/kiraly\/wp-json\/wp\/v2\/types\/page"}],"author":[{"embeddable":true,"href":"https:\/\/www.kiralyszentistvan.hu\/kiraly\/wp-json\/wp\/v2\/users\/1"}],"replies":[{"embeddable":true,"href":"https:\/\/www.kiralyszentistvan.hu\/kiraly\/wp-json\/wp\/v2\/comments?post=18"}],"version-history":[{"count":1,"href":"https:\/\/www.kiralyszentistvan.hu\/kiraly\/wp-json\/wp\/v2\/pages\/18\/revisions"}],"predecessor-version":[{"id":20,"href":"https:\/\/www.kiralyszentistvan.hu\/kiraly\/wp-json\/wp\/v2\/pages\/18\/revisions\/20"}],"wp:attachment":[{"href":"https:\/\/www.kiralyszentistvan.hu\/kiraly\/wp-json\/wp\/v2\/media?parent=18"}],"curies":[{"name":"wp","href":"https:\/\/api.w.org\/{rel}","templated":true}]}}