{"id":168,"date":"2021-05-02T10:01:54","date_gmt":"2021-05-02T10:01:54","guid":{"rendered":"http:\/\/www.kiralyszentistvan.hu\/kiraly\/?page_id=168"},"modified":"2021-05-02T10:01:54","modified_gmt":"2021-05-02T10:01:54","slug":"telepulesarculati-kezikonyv-2","status":"publish","type":"page","link":"https:\/\/www.kiralyszentistvan.hu\/kiraly\/telepulesarculati-kezikonyv-2\/","title":{"rendered":"Telep\u00fcl\u00e9sarculati k\u00e9zik\u00f6nyv"},"content":{"rendered":"\n<p><a href=\"http:\/\/www.kiralyszentistvan.hu\/data\/onkormanyzat\/telepulesarculati-kezikonyv\/Kiralyszentistvan-TAK-2.0.pdf\">Telep\u00fcl\u00e9sarculati k\u00e9zik\u00f6nyv<\/a><\/p>\n\n\n\n<p><a href=\"http:\/\/www.kiralyszentistvan.hu\/data\/onkormanyzat\/rendeletek\/2017\/Kiralyszentistvan-TER-rendelettervezet.pdf\">Telep\u00fcl\u00e9sk\u00e9p rendelet<\/a><\/p>\n","protected":false},"excerpt":{"rendered":"<p>Telep\u00fcl\u00e9sarculati k\u00e9zik\u00f6nyv Telep\u00fcl\u00e9sk\u00e9p rendelet<\/p>\n","protected":false},"author":1,"featured_media":0,"parent":0,"menu_order":0,"comment_status":"closed","ping_status":"closed","template":"","meta":{"footnotes":""},"class_list":["post-168","page","type-page","status-publish","hentry"],"featured_image_src":null,"featured_image_src_square":null,"_links":{"self":[{"href":"https:\/\/www.kiralyszentistvan.hu\/kiraly\/wp-json\/wp\/v2\/pages\/168","targetHints":{"allow":["GET"]}}],"collection":[{"href":"https:\/\/www.kiralyszentistvan.hu\/kiraly\/wp-json\/wp\/v2\/pages"}],"about":[{"href":"https:\/\/www.kiralyszentistvan.hu\/kiraly\/wp-json\/wp\/v2\/types\/page"}],"author":[{"embeddable":true,"href":"https:\/\/www.kiralyszentistvan.hu\/kiraly\/wp-json\/wp\/v2\/users\/1"}],"replies":[{"embeddable":true,"href":"https:\/\/www.kiralyszentistvan.hu\/kiraly\/wp-json\/wp\/v2\/comments?post=168"}],"version-history":[{"count":1,"href":"https:\/\/www.kiralyszentistvan.hu\/kiraly\/wp-json\/wp\/v2\/pages\/168\/revisions"}],"predecessor-version":[{"id":169,"href":"https:\/\/www.kiralyszentistvan.hu\/kiraly\/wp-json\/wp\/v2\/pages\/168\/revisions\/169"}],"wp:attachment":[{"href":"https:\/\/www.kiralyszentistvan.hu\/kiraly\/wp-json\/wp\/v2\/media?parent=168"}],"curies":[{"name":"wp","href":"https:\/\/api.w.org\/{rel}","templated":true}]}}