{"id":157,"date":"2021-05-02T09:42:33","date_gmt":"2021-05-02T09:42:33","guid":{"rendered":"http:\/\/www.kiralyszentistvan.hu\/kiraly\/?page_id=157"},"modified":"2021-05-02T09:42:33","modified_gmt":"2021-05-02T09:42:33","slug":"koronavirus-covid19-tajekoztato","status":"publish","type":"page","link":"https:\/\/www.kiralyszentistvan.hu\/kiraly\/koronavirus-covid19-tajekoztato\/","title":{"rendered":"Koronav\u00edrus (COVID19) t\u00e1j\u00e9koztat\u00f3"},"content":{"rendered":"\n<p>T\u00e1j\u00e9koztat\u00f3 kiadv\u00e1nyok a Koronav\u00edrussal (COVID19) kapcsolatban.<\/p>\n\n\n\n<p>Folyamatosan friss\u00fcl\u0151 inform\u00e1ci\u00f3k a Koronav\u00edrussal kapcsolatban. <a rel=\"noreferrer noopener\" href=\"https:\/\/koronavirus.gov.hu\/\" target=\"_blank\">A magyar korm\u00e1ny t\u00e1j\u00e9koztat\u00f3ja a Koronav\u00edrusr\u00f3l.<\/a><\/p>\n\n\n\n<p><a href=\"http:\/\/kiralyszentistvan.hu\/data\/covid19\/tajekoztatas-2020-03-15.pdf\">T\u00e1j\u00e9koztat\u00e1s 03.15<\/a><\/p>\n\n\n\n<p><a href=\"http:\/\/kiralyszentistvan.hu\/data\/covid19\/FELHIVAS_koronavirus_miatt.pdf\">Felh\u00edv\u00e1s koronav\u00edrus miatt<\/a><\/p>\n\n\n\n<p><a href=\"http:\/\/kiralyszentistvan.hu\/data\/covid19\/Bevasarlas.pdf\">Bev\u00e1s\u00e1rl\u00e1si tan\u00e1csad\u00e1s<\/a><\/p>\n\n\n\n<p><a href=\"http:\/\/kiralyszentistvan.hu\/data\/covid19\/Segitsegre-szorulo_idos_bejelentes.pdf\">Seg\u00edts\u00e9gre szorul\u00f3 id\u0151s bejelent\u00e9se<\/a><\/p>\n\n\n\n<p><a href=\"http:\/\/kiralyszentistvan.hu\/data\/covid19\/Orvosi%20rendeles.pdf\">H\u00e1ziorvosi t\u00e1ly\u00e9koztat\u00f3<\/a><\/p>\n\n\n\n<p><a href=\"http:\/\/kiralyszentistvan.hu\/data\/onkormanyzat\/aktualis\/2020\/HKR.jpg\">H\u00e1zi Karant\u00e9n Rendszer<\/a><\/p>\n","protected":false},"excerpt":{"rendered":"<p>T\u00e1j\u00e9koztat\u00f3 kiadv\u00e1nyok a Koronav\u00edrussal (COVID19) kapcsolatban. Folyamatosan friss\u00fcl\u0151 inform\u00e1ci\u00f3k a Koronav\u00edrussal kapcsolatban. A magyar korm\u00e1ny t\u00e1j\u00e9koztat\u00f3ja a Koronav\u00edrusr\u00f3l. T\u00e1j\u00e9koztat\u00e1s 03.15 Felh\u00edv\u00e1s koronav\u00edrus miatt Bev\u00e1s\u00e1rl\u00e1si tan\u00e1csad\u00e1s Seg\u00edts\u00e9gre szorul\u00f3 id\u0151s bejelent\u00e9se H\u00e1ziorvosi t\u00e1ly\u00e9koztat\u00f3 H\u00e1zi<a class=\"moretag\" href=\"https:\/\/www.kiralyszentistvan.hu\/kiraly\/koronavirus-covid19-tajekoztato\/\">Tov\u00e1bbi inform\u00e1ci\u00f3\u2026<\/a><\/p>\n","protected":false},"author":1,"featured_media":0,"parent":0,"menu_order":0,"comment_status":"closed","ping_status":"closed","template":"","meta":{"footnotes":""},"class_list":["post-157","page","type-page","status-publish","hentry"],"featured_image_src":null,"featured_image_src_square":null,"_links":{"self":[{"href":"https:\/\/www.kiralyszentistvan.hu\/kiraly\/wp-json\/wp\/v2\/pages\/157","targetHints":{"allow":["GET"]}}],"collection":[{"href":"https:\/\/www.kiralyszentistvan.hu\/kiraly\/wp-json\/wp\/v2\/pages"}],"about":[{"href":"https:\/\/www.kiralyszentistvan.hu\/kiraly\/wp-json\/wp\/v2\/types\/page"}],"author":[{"embeddable":true,"href":"https:\/\/www.kiralyszentistvan.hu\/kiraly\/wp-json\/wp\/v2\/users\/1"}],"replies":[{"embeddable":true,"href":"https:\/\/www.kiralyszentistvan.hu\/kiraly\/wp-json\/wp\/v2\/comments?post=157"}],"version-history":[{"count":2,"href":"https:\/\/www.kiralyszentistvan.hu\/kiraly\/wp-json\/wp\/v2\/pages\/157\/revisions"}],"predecessor-version":[{"id":159,"href":"https:\/\/www.kiralyszentistvan.hu\/kiraly\/wp-json\/wp\/v2\/pages\/157\/revisions\/159"}],"wp:attachment":[{"href":"https:\/\/www.kiralyszentistvan.hu\/kiraly\/wp-json\/wp\/v2\/media?parent=157"}],"curies":[{"name":"wp","href":"https:\/\/api.w.org\/{rel}","templated":true}]}}